{"id":53195,"date":"2023-12-12T12:45:16","date_gmt":"2023-12-12T11:45:16","guid":{"rendered":"https:\/\/pet-shopping.de\/shop\/produkt\/classic-bird-fettfutter-1-kg\/"},"modified":"2023-12-12T12:45:17","modified_gmt":"2023-12-12T11:45:17","slug":"classic-bird-fettfutter-1-kg","status":"publish","type":"product","link":"https:\/\/all-pets.de\/shop\/produkt\/classic-bird-fettfutter-1-kg\/","title":{"rendered":"Classic Bird Fettfutter &#8211; 1 kg"},"content":{"rendered":"<p>F\u00fcr den guten Start in den Tag empfiehlt sich dieses energiereiche M\u00fcsli an der Futterstelle. Gefettete Haferflocken, Erdn\u00fcsse und Rosinen unterst\u00fctzen den W\u00e4rmehaushalt von Amsel, Rotkehlchen, Drossel und Zaunk\u00f6nig vor und nach den klirrend kalten Wintern\u00e4chten.\u00a0<\/p>\n","protected":false},"excerpt":{"rendered":"<p>F\u00fcr den guten Start in den Tag empfiehlt sich dieses energiereiche M\u00fcsli an der Futterstelle. Gefettete Haferflocken, Erdn\u00fcsse und Rosinen unterst\u00fctzen den W\u00e4rmehaushalt von Amsel, Rotkehlchen, Drossel und Zaunk\u00f6nig vor und nach den klirrend kalten Wintern\u00e4chten.\u00a0<\/p>\n","protected":false},"featured_media":53196,"comment_status":"closed","ping_status":"open","template":"","meta":[],"product_cat":[15674],"product_tag":[],"class_list":{"0":"post-53195","1":"product","2":"type-product","3":"status-publish","4":"has-post-thumbnail","6":"product_cat-classic-bird-gartenvogelfutter-winterfettvogelwelt","8":"first","9":"instock","10":"taxable","11":"shipping-taxable","12":"purchasable","13":"product-type-simple"},"_links":{"self":[{"href":"https:\/\/all-pets.de\/shop\/wp-json\/wp\/v2\/product\/53195","targetHints":{"allow":["GET"]}}],"collection":[{"href":"https:\/\/all-pets.de\/shop\/wp-json\/wp\/v2\/product"}],"about":[{"href":"https:\/\/all-pets.de\/shop\/wp-json\/wp\/v2\/types\/product"}],"replies":[{"embeddable":true,"href":"https:\/\/all-pets.de\/shop\/wp-json\/wp\/v2\/comments?post=53195"}],"wp:featuredmedia":[{"embeddable":true,"href":"https:\/\/all-pets.de\/shop\/wp-json\/wp\/v2\/media\/53196"}],"wp:attachment":[{"href":"https:\/\/all-pets.de\/shop\/wp-json\/wp\/v2\/media?parent=53195"}],"wp:term":[{"taxonomy":"product_cat","embeddable":true,"href":"https:\/\/all-pets.de\/shop\/wp-json\/wp\/v2\/product_cat?post=53195"},{"taxonomy":"product_tag","embeddable":true,"href":"https:\/\/all-pets.de\/shop\/wp-json\/wp\/v2\/product_tag?post=53195"}],"curies":[{"name":"wp","href":"https:\/\/api.w.org\/{rel}","templated":true}]}}