{"id":53257,"date":"2023-12-12T12:45:26","date_gmt":"2023-12-12T11:45:26","guid":{"rendered":"https:\/\/pet-shopping.de\/shop\/produkt\/west-paw-mini-zisc-17-cm-lime\/"},"modified":"2023-12-12T12:45:27","modified_gmt":"2023-12-12T11:45:27","slug":"west-paw-mini-zisc-17-cm-lime","status":"publish","type":"product","link":"https:\/\/all-pets.de\/shop\/produkt\/west-paw-mini-zisc-17-cm-lime\/","title":{"rendered":"West Paw Mini Zisc &#8211; 17 cm &#8211; Lime"},"content":{"rendered":"<p>Die West Paw Zogoflex Kauspielzeuge machen einfach jede Menge Spa\u00df. Vor allem, wenn du ein Hund bist. <\/p>\n<p>Und jeder wei\u00df, das Hunde gerne etwas kauen, meist Vorzugsweise am Zaun zum Nachbarn, an Herrchens bestem Ausgehschuh oder der Couch. <\/p>\n<p>Bieten Sie ihrem Hund einfach etwas an, da\u00df ihm jede Menge Spiel- und Kauspa\u00df bietet und dabei maul- und gebissfreundlich, ungiftig und um ein vielfaches kaust\u00e4rker ist! <\/p>\n<p>Zisc ist eine Frisbee. Sie schont die Z\u00e4hne und das Zahnfleisch ihres Hundes und ist in Mini-Gr\u00f6\u00dfen f\u00fcr kleinere Rassen erh\u00e4ltlich. Sie ist schwimmf\u00e4hig und kann gefahrlos in der Sp\u00fclmaschine gereinigt werden. <\/p>\n<p>100% recyclebar!<\/p>\n","protected":false},"excerpt":{"rendered":"<p>Die West Paw Zogoflex Kauspielzeuge machen einfach jede Menge Spa\u00df. Vor allem, wenn du ein Hund bist. Und jeder wei\u00df, das Hunde gerne etwas kauen, meist Vorzugsweise am Zaun zum Nachbarn, an Herrchens bestem Ausgehschuh oder der Couch. Bieten Sie ihrem Hund einfach etwas an, da\u00df ihm jede Menge Spiel- und Kauspa\u00df bietet und dabei [&hellip;]<\/p>\n","protected":false},"featured_media":30118,"comment_status":"closed","ping_status":"open","template":"","meta":[],"product_cat":[13680],"product_tag":[],"class_list":{"0":"post-53257","1":"product","2":"type-product","3":"status-publish","4":"has-post-thumbnail","6":"product_cat-hundewurfspielzeug","8":"first","9":"instock","10":"taxable","11":"shipping-taxable","12":"purchasable","13":"product-type-simple"},"_links":{"self":[{"href":"https:\/\/all-pets.de\/shop\/wp-json\/wp\/v2\/product\/53257","targetHints":{"allow":["GET"]}}],"collection":[{"href":"https:\/\/all-pets.de\/shop\/wp-json\/wp\/v2\/product"}],"about":[{"href":"https:\/\/all-pets.de\/shop\/wp-json\/wp\/v2\/types\/product"}],"replies":[{"embeddable":true,"href":"https:\/\/all-pets.de\/shop\/wp-json\/wp\/v2\/comments?post=53257"}],"wp:featuredmedia":[{"embeddable":true,"href":"https:\/\/all-pets.de\/shop\/wp-json\/wp\/v2\/media\/30118"}],"wp:attachment":[{"href":"https:\/\/all-pets.de\/shop\/wp-json\/wp\/v2\/media?parent=53257"}],"wp:term":[{"taxonomy":"product_cat","embeddable":true,"href":"https:\/\/all-pets.de\/shop\/wp-json\/wp\/v2\/product_cat?post=53257"},{"taxonomy":"product_tag","embeddable":true,"href":"https:\/\/all-pets.de\/shop\/wp-json\/wp\/v2\/product_tag?post=53257"}],"curies":[{"name":"wp","href":"https:\/\/api.w.org\/{rel}","templated":true}]}}