{"id":53302,"date":"2023-12-12T12:45:34","date_gmt":"2023-12-12T11:45:34","guid":{"rendered":"https:\/\/pet-shopping.de\/shop\/produkt\/jr-farm-super-nagerfutter-1-kg\/"},"modified":"2023-12-12T12:45:35","modified_gmt":"2023-12-12T11:45:35","slug":"jr-farm-super-nagerfutter-1-kg","status":"publish","type":"product","link":"https:\/\/all-pets.de\/shop\/produkt\/jr-farm-super-nagerfutter-1-kg\/","title":{"rendered":"JR Farm Super-Nagerfutter &#8211; 1 kg"},"content":{"rendered":"<p>Mischfuttermittel zur Verwendung als Hauptfuttermittel f\u00fcr Zwergkaninchen und Meerschweinchen. <\/p>\n<div>\u00a0<\/div>\n<div>\n<div>F\u00fctterungsempfehlung:<\/div>\n<div>Futternapf erst auff\u00fcllen, wenn fast restlos leer. Bitte t\u00e4glich maximal<\/div>\n<div>soviel Futter verabreichen, wie in 24 Stunden komplett gefressen wird. Zus\u00e4tzlich sollte immer gen\u00fcgend frisches Heu verf\u00fcgbar sein.<\/div>\n<div>\u00a0<\/div>\n<div>Zusammensetzung:<\/div>\n<div>Weizen, Gr\u00fcnmehl, extrudiertes Maismehl, Weizenflocken, Luzerne, Maisflocken, Mais, Hafer, Ackerbohnenflocken, Karotten 3%, Johannisbrot, Weizenkleie, Sonnenblumenextraktionsschrot, Sonnenblumenkerne, Erbsenflocken, gepoppter Weizen, Malzkeime, Lauch 0,5%<\/div>\n<div>\u00a0<\/div>\n<div>Zusatzstoffe:<\/div>\n<div>Ern\u00e4hrungsphysiologische Zusatzstoffe: Vitamin A (als Retinylacetat) 10.000 i.E., Vitamin D3 (als Cholecalciferol) 1.000 i.E., Vitamin E (als all-racalpha- Tocopherylacetat) 25mg, Vitamin C (als L-Ascorbins\u00e4ure) 250 mg<\/div>\n<div>\u00a0<\/div>\n<div>Analytische Bestandteile:<\/div>\n<div>Protein 12,1%, Fettgehalt 2,9%, Rohfaser 10,9%, Rohasche 4,3%<\/div>\n<div>\u00a0<\/div>\n<div>\u00a0<\/div>\n<div>\u00a0<\/div>\n<\/div>\n","protected":false},"excerpt":{"rendered":"<p>Mischfuttermittel zur Verwendung als Hauptfuttermittel f\u00fcr Zwergkaninchen und Meerschweinchen. \u00a0 F\u00fctterungsempfehlung: Futternapf erst auff\u00fcllen, wenn fast restlos leer. Bitte t\u00e4glich maximal soviel Futter verabreichen, wie in 24 Stunden komplett gefressen wird. Zus\u00e4tzlich sollte immer gen\u00fcgend frisches Heu verf\u00fcgbar sein. \u00a0 Zusammensetzung: Weizen, Gr\u00fcnmehl, extrudiertes Maismehl, Weizenflocken, Luzerne, Maisflocken, Mais, Hafer, Ackerbohnenflocken, Karotten 3%, Johannisbrot, Weizenkleie, [&hellip;]<\/p>\n","protected":false},"featured_media":30297,"comment_status":"closed","ping_status":"open","template":"","meta":[],"product_cat":[13994],"product_tag":[],"class_list":{"0":"post-53302","1":"product","2":"type-product","3":"status-publish","4":"has-post-thumbnail","6":"product_cat-zwergkaninchen-kleintierfutter-snacks-meerschweinchenkleintierwelt-kleintierfutter-snacks-jr-farmkleintierwelt","8":"first","9":"instock","10":"taxable","11":"shipping-taxable","12":"purchasable","13":"product-type-simple"},"_links":{"self":[{"href":"https:\/\/all-pets.de\/shop\/wp-json\/wp\/v2\/product\/53302","targetHints":{"allow":["GET"]}}],"collection":[{"href":"https:\/\/all-pets.de\/shop\/wp-json\/wp\/v2\/product"}],"about":[{"href":"https:\/\/all-pets.de\/shop\/wp-json\/wp\/v2\/types\/product"}],"replies":[{"embeddable":true,"href":"https:\/\/all-pets.de\/shop\/wp-json\/wp\/v2\/comments?post=53302"}],"wp:featuredmedia":[{"embeddable":true,"href":"https:\/\/all-pets.de\/shop\/wp-json\/wp\/v2\/media\/30297"}],"wp:attachment":[{"href":"https:\/\/all-pets.de\/shop\/wp-json\/wp\/v2\/media?parent=53302"}],"wp:term":[{"taxonomy":"product_cat","embeddable":true,"href":"https:\/\/all-pets.de\/shop\/wp-json\/wp\/v2\/product_cat?post=53302"},{"taxonomy":"product_tag","embeddable":true,"href":"https:\/\/all-pets.de\/shop\/wp-json\/wp\/v2\/product_tag?post=53302"}],"curies":[{"name":"wp","href":"https:\/\/api.w.org\/{rel}","templated":true}]}}