{"id":53313,"date":"2023-12-12T12:45:36","date_gmt":"2023-12-12T11:45:36","guid":{"rendered":"https:\/\/pet-shopping.de\/shop\/produkt\/wolfsblut-black-marsh-125-kg\/"},"modified":"2023-12-12T12:45:36","modified_gmt":"2023-12-12T11:45:36","slug":"wolfsblut-black-marsh-125-kg","status":"publish","type":"product","link":"https:\/\/all-pets.de\/shop\/produkt\/wolfsblut-black-marsh-125-kg\/","title":{"rendered":"Wolfsblut Black Marsh &#8211; 12,5 kg"},"content":{"rendered":"<p>Wolfsblut BLACK MARSH Trockenfutter ist ein Alleinfutter f\u00fcr Hunde aus dem Fleisch von frei lebenden Wasserb\u00fcffeln. 44% Wasserb\u00fcffelfleisch und eine durchdachte Kombination von Heilpflanzen aus Wald, Wiesen und Seen machen unser BLACK MARSH Trockenfutter einzigartig. Es ist besonders gesund und wirkt auf Ihren Hundefreund vitalisierend und sch\u00fctzend zugleich.<\/p>\n<p>BLACK MARSH Trockenfutter f\u00fcr Hunde eignet sich f\u00fcr alle Altersgruppen und unterst\u00fctzt eine<\/p>\n<p>&#8211; gesunde Ern\u00e4hrung, beinhaltet<br \/> &#8211; eine einzigartige Kombination von Heilpflanzen aus Wald, Wiese und Seen mit<br \/> &#8211; alle notwendigen N\u00e4hrstoffen, Vitaminen und Mineralien, ist<br \/> &#8211; ein besonders leckeres Geschmackserlebnis, mit<br \/> &#8211; 44% Fleischanteil mit nat\u00fcrlichem Ursprung,<br \/> &#8211; leicht verdaulich und enth\u00e4lt<br \/> &#8211; kein Getreide, ist<br \/> &#8211; frei von Zucker, Soja, Bleichmitteln, Vitamin K3, Geruchs-, Farb- oder Geschmacksverst\u00e4rkern und k\u00fcnstlichen Konservierungsmitteln und wird<br \/> &#8211; f\u00fcr Allergiker empfohlen. <\/p>\n<p>Gesunde Ern\u00e4hrung<br \/> Das in unserem Trockenfutter BLACK MARSH verwendete Wasserb\u00fcffelfleisch in Lebensmittelqualit\u00e4t ist besonders mager und bek\u00f6mmlich. Es enth\u00e4lt einen hohen Anteil an<br \/> Mineralstoffen, wie Kalzium und Phosphor, Spurenelemente, wie Selen, Mangan und Jod, Proteinen von ca. 23 % und Eisen, das u.a. zur Bildung der roten Blutk\u00f6rperchen (Erythrozyten) ben\u00f6tigt wird. <\/p>\n<p>Eine einzigartige Kombination von Heilpflanzen aus Wald, Wiesen und Seen<br \/> Wir von Healthfood24 sehen die Nahrungsbed\u00fcrfnisse der Hunde von heute im Zusammenhang mit ihren Wolfsvorfahren. Bei diesen stand nicht nur Fleisch und Fisch auf dem Speisezettel. Wald und Steppe lieferten seit Urzeiten wertvolle gesunde Fr\u00fcchte, Kr\u00e4uter und Wurzeln, die schon immer zu den wichtigen Nahrungsquellen des Urahns unserer Hunde geh\u00f6rten. In BLACK MARSH Trockenfutter haben wir das urspr\u00fcngliche Ern\u00e4hrungsspektrum der Hundevorfahren mit den Bed\u00fcrfnissen der Hunde von heute vereint, indem wir die Vorteile des Fleisches durch eine einzigartige Kombination von Heilpflanzen aus Wald, Wiesen und Seen sowie anderer gesundheitsf\u00f6rdernder Zutaten verbunden haben.<\/p>\n<p>Ein besonders leckeres Geschmackserlebnis<br \/> Das von uns in BLACK MARSH Trockenfutter verwendete Fleisch von Wasserb\u00fcffeln besitzt bereits einen leckeren wildaromatischen Geschmack. Wir haben noch etwas K\u00fcrbis erg\u00e4nzt, wodurch BLACK MARSH zu einem besonders leckeren Geschmackserlebnis f\u00fcr Ihren vierbeinigen Freund wird.<\/p>\n<p>Fleischfleisch mit nat\u00fcrlichem Ursprung<br \/> Unsere Fleischauswahl in BLACK MARSH Trockenfutter stammt ausschlie\u00dflich von Wasserb\u00fcffeln aus Australien, wo die Tiere in Farmen ganzj\u00e4hrig im Freien gehalten werden und ihre Nahrung auf Wiesen, an Hecken und Str\u00e4uchern finden. Die gesamte Fleischverarbeitung wird durch Australiens eigene strenge Hygieneverordnungen und von international anerkannten Kontrollsystemen \u00fcberwacht.<\/p>\n<p>Leicht verdaulich<br \/> BLACK MARSH Trocken-Hundefutter ist sehr gut verdaulich, was sich entlastend auf den Kreislauf auswirkt. Daf\u00fcr sorgt auch unsere einzigartige Kombination aus Wasserb\u00fcffelfleisch mit Heilpflanzen aus Wald, Wiesen und Seen.<\/p>\n<p>Kein Getreide<br \/> Wer uns kennt wei\u00df, dass die Wolfsblut-Hundefutter-Sorten getreidefrei sind. Hunde sind Fleischfresser, deshalb bauen die Hundefutter-Sorten von Wolfsblut auf tierischem Eiwei\u00df auf, ohne Getreidezusatz.<\/p>\n<p>Was unser Hundefutter nicht enth\u00e4lt<br \/> Black Marsh Trockenfutter beinhaltet nicht nur kein Getreide, es ist auch frei von Zucker, Soja, Bleichmitteln, Vitamin K3, Geruchs-, Farb- oder Geschmacksverst\u00e4rkern und k\u00fcnstlichen Konservierungsmitteln.<\/p>\n<p>Hundefutter mit Wasserb\u00fcffel-Fleisch &#8211; f\u00fcr Allergiker empfohlen<br \/> Unser Wolfsblut-Trockenfutter ist gerade f\u00fcr sensible und allergiegef\u00e4hrdete Hunde geeignet. Nahrungsmittel, die den Speiseplan erweitern, k\u00f6nnen Futtermittelunvertr\u00e4glichkeiten entgegenwirken.<\/p>\n<p>Zusammensetzung:<br \/> Wasserb\u00fcffelfleisch (min. 44,1 %), S\u00fc\u00dfkartoffel (min. 25,5 %), K\u00fcrbis (min. 7,8 %), Wasserb\u00fcffelgrieben (5,9 %), Mineralien, Pferdefett, Erbsenprotein, Tomatenmark, Thymian, Majoran, Oregano, Petersilie, Salbei, Immutop\u00ae (Topinamburkonzentrat), Spinat, Vitamine, Karottenflocken, Brombeeren, Himbeeren, Heidelbeeren, Schwarze Johannisbeeren, Holunderbeeren, Aroniabeeren, Fenchel, Fingertang, Lappentang, Irish Moos, Darmtang, Meersalat, Leinsamen, rote Bete, gr\u00fcne Bohnen, Brennnessel, Wei\u00dfdorn, Ginseng, Pfefferminze, Ringelblumen, getrocknete Cranberry, L\u00f6wenzahn, Mannan-oligosaccharide (Prebiotisch MOS), Fructo-oligosaccharide (Prebiotisch FOS), Yucca-Schidigera-Extrakt<\/p>\n<p>Zusatzstoffe:<br \/> Nahrungszus\u00e4tze pro kg: Vitamine: Vitamin A (als Retinylacetat) 22.746 IU, Vitamin D3 (als Cholecalciferol) 1.530 IU, Vitamin E (als Alpha Tocopherol Azetat) 745 IU, Spurenelemente: Kalziumjodat wasserfrei 1,64 mg, Selen (als Natriumselenit) 0,53 mg, Eisen (als Eisensulfat) 321,36 mg, Kupfer (als Kupfersulfat) 42,24 mg, Kupferchelat von Aminos\u00e4urehydrat 52,80 mg,<br \/> Zink (als Zinkchelat von Aminos\u00e4urehydrat) 355,73 mg, Mangan (als Mangansulfat) 116,95 mg, Zink (als Zinksulfat) 296,49 mg, (als Eisenchelat von Aminos\u00e4urehydrat) 21,33 mg, Eisen (als Eisenchelat von Aminos\u00e4urehydrat) 21,33 mg, Aminos\u00e4uren: DL-Methionin 2.211 mg,<br \/> L-Carnithin 85 mg\/kg, Taurin 1.100 mg<\/p>\n<p>N\u00e4hrwertanalyse:<br \/> Rohprotein: 23 %<br \/> Rohfett: 10 %<br \/> Rohfaser: 4 %<br \/> Rohasche: 8,5 %<\/p>\n","protected":false},"excerpt":{"rendered":"<p>Wolfsblut BLACK MARSH Trockenfutter ist ein Alleinfutter f\u00fcr Hunde aus dem Fleisch von frei lebenden Wasserb\u00fcffeln. 44% Wasserb\u00fcffelfleisch und eine durchdachte Kombination von Heilpflanzen aus Wald, Wiesen und Seen machen unser BLACK MARSH Trockenfutter einzigartig. Es ist besonders gesund und wirkt auf Ihren Hundefreund vitalisierend und sch\u00fctzend zugleich. BLACK MARSH Trockenfutter f\u00fcr Hunde eignet sich [&hellip;]<\/p>\n","protected":false},"featured_media":53314,"comment_status":"closed","ping_status":"open","template":"","meta":[],"product_cat":[15392],"product_tag":[],"class_list":{"0":"post-53313","1":"product","2":"type-product","3":"status-publish","4":"has-post-thumbnail","6":"product_cat-wolfsblut-getreidefrei-hundetrockenfutter-wolfsbluthundewelt-hundetrockenfutter","8":"first","9":"instock","10":"taxable","11":"shipping-taxable","12":"purchasable","13":"product-type-simple"},"_links":{"self":[{"href":"https:\/\/all-pets.de\/shop\/wp-json\/wp\/v2\/product\/53313","targetHints":{"allow":["GET"]}}],"collection":[{"href":"https:\/\/all-pets.de\/shop\/wp-json\/wp\/v2\/product"}],"about":[{"href":"https:\/\/all-pets.de\/shop\/wp-json\/wp\/v2\/types\/product"}],"replies":[{"embeddable":true,"href":"https:\/\/all-pets.de\/shop\/wp-json\/wp\/v2\/comments?post=53313"}],"wp:featuredmedia":[{"embeddable":true,"href":"https:\/\/all-pets.de\/shop\/wp-json\/wp\/v2\/media\/53314"}],"wp:attachment":[{"href":"https:\/\/all-pets.de\/shop\/wp-json\/wp\/v2\/media?parent=53313"}],"wp:term":[{"taxonomy":"product_cat","embeddable":true,"href":"https:\/\/all-pets.de\/shop\/wp-json\/wp\/v2\/product_cat?post=53313"},{"taxonomy":"product_tag","embeddable":true,"href":"https:\/\/all-pets.de\/shop\/wp-json\/wp\/v2\/product_tag?post=53313"}],"curies":[{"name":"wp","href":"https:\/\/api.w.org\/{rel}","templated":true}]}}