{"id":53332,"date":"2023-12-12T12:45:40","date_gmt":"2023-12-12T11:45:40","guid":{"rendered":"https:\/\/pet-shopping.de\/shop\/produkt\/classic-bird-wellensittichfutter-25-kg\/"},"modified":"2023-12-12T12:45:40","modified_gmt":"2023-12-12T11:45:40","slug":"classic-bird-wellensittichfutter-25-kg","status":"publish","type":"product","link":"https:\/\/all-pets.de\/shop\/produkt\/classic-bird-wellensittichfutter-25-kg\/","title":{"rendered":"Classic Bird Wellensittichfutter &#8211; 25 kg"},"content":{"rendered":"<p>Schmackhaftes Futter f\u00fcr Wellensittiche, gesund und lecker<\/p>\n<p>Classic Bird Wellensittichfutter<\/p>\n<p>Classic Bird Wellensittichfutter ist ideal f\u00fcr alle, die ihrem Wellensittich ein nat\u00fcrliches und nahrhaftes Futter bieten m\u00f6chten. <br \/>Die spezielle Saatenmischung ist optimal auf die Bed\u00fcrfnisse aller Wellensittiche abgestimmt.<br \/>Durch diese ausgewogene Mischung erh\u00e4lt ihr Wellensittich die lebenswichtigen Vitamine und Spurenelemente, f\u00fcr kr\u00e4ftiges Gefieder und ein gesundes, langes Leben.<br \/>Diese Allroundmischung bietet ein optimales Preis-\/Leistungsverh\u00e4ltnis und wird \u00fcberaus gerne von den V\u00f6geln gefressen.<\/p>\n<p>Classic Bird Wellensittichfutter &#8211; Produktqualit\u00e4t Made in Germany!<\/p>\n<p>Zusammensetzung:<br \/>Kanariensaat, Gelbe Hirse, Rote Hirse, Wei\u00dfe Hirse<\/p>\n","protected":false},"excerpt":{"rendered":"<p>Schmackhaftes Futter f\u00fcr Wellensittiche, gesund und lecker Classic Bird Wellensittichfutter Classic Bird Wellensittichfutter ist ideal f\u00fcr alle, die ihrem Wellensittich ein nat\u00fcrliches und nahrhaftes Futter bieten m\u00f6chten. Die spezielle Saatenmischung ist optimal auf die Bed\u00fcrfnisse aller Wellensittiche abgestimmt.Durch diese ausgewogene Mischung erh\u00e4lt ihr Wellensittich die lebenswichtigen Vitamine und Spurenelemente, f\u00fcr kr\u00e4ftiges Gefieder und ein gesundes, [&hellip;]<\/p>\n","protected":false},"featured_media":53333,"comment_status":"closed","ping_status":"open","template":"","meta":[],"product_cat":[14499],"product_tag":[],"class_list":{"0":"post-53332","1":"product","2":"type-product","3":"status-publish","4":"has-post-thumbnail","6":"product_cat-wellensittich","8":"first","9":"instock","10":"taxable","11":"shipping-taxable","12":"purchasable","13":"product-type-simple"},"_links":{"self":[{"href":"https:\/\/all-pets.de\/shop\/wp-json\/wp\/v2\/product\/53332","targetHints":{"allow":["GET"]}}],"collection":[{"href":"https:\/\/all-pets.de\/shop\/wp-json\/wp\/v2\/product"}],"about":[{"href":"https:\/\/all-pets.de\/shop\/wp-json\/wp\/v2\/types\/product"}],"replies":[{"embeddable":true,"href":"https:\/\/all-pets.de\/shop\/wp-json\/wp\/v2\/comments?post=53332"}],"wp:featuredmedia":[{"embeddable":true,"href":"https:\/\/all-pets.de\/shop\/wp-json\/wp\/v2\/media\/53333"}],"wp:attachment":[{"href":"https:\/\/all-pets.de\/shop\/wp-json\/wp\/v2\/media?parent=53332"}],"wp:term":[{"taxonomy":"product_cat","embeddable":true,"href":"https:\/\/all-pets.de\/shop\/wp-json\/wp\/v2\/product_cat?post=53332"},{"taxonomy":"product_tag","embeddable":true,"href":"https:\/\/all-pets.de\/shop\/wp-json\/wp\/v2\/product_tag?post=53332"}],"curies":[{"name":"wp","href":"https:\/\/api.w.org\/{rel}","templated":true}]}}