{"id":53474,"date":"2023-12-12T12:46:01","date_gmt":"2023-12-12T11:46:01","guid":{"rendered":"https:\/\/pet-shopping.de\/shop\/produkt\/trixie-futterdummy-7-x-20-cm\/"},"modified":"2023-12-12T12:46:02","modified_gmt":"2023-12-12T11:46:02","slug":"trixie-futterdummy-7-x-20-cm","status":"publish","type":"product","link":"https:\/\/all-pets.de\/shop\/produkt\/trixie-futterdummy-7-x-20-cm\/","title":{"rendered":"Trixie Futterdummy &#8211; 7 \u00d7 20 cm"},"content":{"rendered":"<ul>\n<li>kombiniert k\u00f6rperliche und geistige Auslastung mit tiergerechtem Training<\/li>\n<li>mit Wurfhilfe<\/li>\n<li>auch f\u00fcr Nassfutter geeignet<\/li>\n<li>Polyester<\/li>\n<li>inkl. Trainingsanleitung<\/li>\n<li>Ma\u00dfe: ca. 7 \u00d7 20 cm<\/li>\n<li>Diverse Farben. Eine Farbwahl ist leider nicht m\u00f6glich, da die Farbe je nach Lagerbestand gew\u00e4hlt wird.<\/li>\n<\/ul>\n","protected":false},"excerpt":{"rendered":"<p>kombiniert k\u00f6rperliche und geistige Auslastung mit tiergerechtem Training mit Wurfhilfe auch f\u00fcr Nassfutter geeignet Polyester inkl. Trainingsanleitung Ma\u00dfe: ca. 7 \u00d7 20 cm Diverse Farben. Eine Farbwahl ist leider nicht m\u00f6glich, da die Farbe je nach Lagerbestand gew\u00e4hlt wird.<\/p>\n","protected":false},"featured_media":53475,"comment_status":"closed","ping_status":"open","template":"","meta":[],"product_cat":[15680],"product_tag":[],"class_list":{"0":"post-53474","1":"product","2":"type-product","3":"status-publish","4":"has-post-thumbnail","6":"product_cat-hundewurfspielzeug-hundespielzeug-sport-trainings-zubehoerhundewelt-erziehung-agility-traininghundewelt-hundespielzeug-sport","8":"first","9":"instock","10":"taxable","11":"shipping-taxable","12":"purchasable","13":"product-type-simple"},"_links":{"self":[{"href":"https:\/\/all-pets.de\/shop\/wp-json\/wp\/v2\/product\/53474","targetHints":{"allow":["GET"]}}],"collection":[{"href":"https:\/\/all-pets.de\/shop\/wp-json\/wp\/v2\/product"}],"about":[{"href":"https:\/\/all-pets.de\/shop\/wp-json\/wp\/v2\/types\/product"}],"replies":[{"embeddable":true,"href":"https:\/\/all-pets.de\/shop\/wp-json\/wp\/v2\/comments?post=53474"}],"wp:featuredmedia":[{"embeddable":true,"href":"https:\/\/all-pets.de\/shop\/wp-json\/wp\/v2\/media\/53475"}],"wp:attachment":[{"href":"https:\/\/all-pets.de\/shop\/wp-json\/wp\/v2\/media?parent=53474"}],"wp:term":[{"taxonomy":"product_cat","embeddable":true,"href":"https:\/\/all-pets.de\/shop\/wp-json\/wp\/v2\/product_cat?post=53474"},{"taxonomy":"product_tag","embeddable":true,"href":"https:\/\/all-pets.de\/shop\/wp-json\/wp\/v2\/product_tag?post=53474"}],"curies":[{"name":"wp","href":"https:\/\/api.w.org\/{rel}","templated":true}]}}