{"id":53482,"date":"2023-12-12T12:46:06","date_gmt":"2023-12-12T11:46:06","guid":{"rendered":"https:\/\/pet-shopping.de\/shop\/produkt\/trixie-keramiknapf-fresh-fruits-08-l-dunkelgruen\/"},"modified":"2023-12-12T12:46:06","modified_gmt":"2023-12-12T11:46:06","slug":"trixie-keramiknapf-fresh-fruits-08-l-dunkelgruen","status":"publish","type":"product","link":"https:\/\/all-pets.de\/shop\/produkt\/trixie-keramiknapf-fresh-fruits-08-l-dunkelgruen\/","title":{"rendered":"Trixie Keramiknapf Fresh Fruits &#8211; 0,8 L &#8211; dunkelgr\u00fcn"},"content":{"rendered":"<p>Die neuen Keramikn\u00e4pfe Fresh Fruits bringen frischen Wind an den Futterplatz Ihres Tieres und machen Sommerlaune.<\/p>\n<p>Dieser Napf hat ein Fassungsverm\u00f6gen von ca. 0,8 Litern und einen Durchmesser von ca. 16 cm.<\/p>\n<p>Farbe: dunkelgr\u00fcn<\/p>\n<p>Die N\u00e4pfe sind in zwei Gr\u00f6\u00dfen und drei Farben erh\u00e4ltlich und eignen sich selbstverst\u00e4ndlich f\u00fcr Katzen genauso wie f\u00fcr Hunde.<\/p>\n<p>Als optimale Erg\u00e4nzung empfehlen wir die Trixie Napfunterlage Fresh Fruits (Artikelnr. 24478-TRXI).<\/p>\n","protected":false},"excerpt":{"rendered":"<p>Die neuen Keramikn\u00e4pfe Fresh Fruits bringen frischen Wind an den Futterplatz Ihres Tieres und machen Sommerlaune. Dieser Napf hat ein Fassungsverm\u00f6gen von ca. 0,8 Litern und einen Durchmesser von ca. 16 cm. Farbe: dunkelgr\u00fcn Die N\u00e4pfe sind in zwei Gr\u00f6\u00dfen und drei Farben erh\u00e4ltlich und eignen sich selbstverst\u00e4ndlich f\u00fcr Katzen genauso wie f\u00fcr Hunde. Als [&hellip;]<\/p>\n","protected":false},"featured_media":30929,"comment_status":"closed","ping_status":"open","template":"","meta":[],"product_cat":[14361],"product_tag":[],"class_list":{"0":"post-53482","1":"product","2":"type-product","3":"status-publish","4":"has-post-thumbnail","6":"product_cat-futter-wassernaepfe-hundenaepfe-traenken","8":"first","9":"instock","10":"taxable","11":"shipping-taxable","12":"purchasable","13":"product-type-simple"},"_links":{"self":[{"href":"https:\/\/all-pets.de\/shop\/wp-json\/wp\/v2\/product\/53482","targetHints":{"allow":["GET"]}}],"collection":[{"href":"https:\/\/all-pets.de\/shop\/wp-json\/wp\/v2\/product"}],"about":[{"href":"https:\/\/all-pets.de\/shop\/wp-json\/wp\/v2\/types\/product"}],"replies":[{"embeddable":true,"href":"https:\/\/all-pets.de\/shop\/wp-json\/wp\/v2\/comments?post=53482"}],"wp:featuredmedia":[{"embeddable":true,"href":"https:\/\/all-pets.de\/shop\/wp-json\/wp\/v2\/media\/30929"}],"wp:attachment":[{"href":"https:\/\/all-pets.de\/shop\/wp-json\/wp\/v2\/media?parent=53482"}],"wp:term":[{"taxonomy":"product_cat","embeddable":true,"href":"https:\/\/all-pets.de\/shop\/wp-json\/wp\/v2\/product_cat?post=53482"},{"taxonomy":"product_tag","embeddable":true,"href":"https:\/\/all-pets.de\/shop\/wp-json\/wp\/v2\/product_tag?post=53482"}],"curies":[{"name":"wp","href":"https:\/\/api.w.org\/{rel}","templated":true}]}}