{"id":53484,"date":"2023-12-12T12:46:06","date_gmt":"2023-12-12T11:46:06","guid":{"rendered":"https:\/\/pet-shopping.de\/shop\/produkt\/trixie-snacky-snackball-11-cm\/"},"modified":"2023-12-12T12:46:06","modified_gmt":"2023-12-12T11:46:06","slug":"trixie-snacky-snackball-11-cm","status":"publish","type":"product","link":"https:\/\/all-pets.de\/shop\/produkt\/trixie-snacky-snackball-11-cm\/","title":{"rendered":"Trixie Snacky Snackball &#8211; 11 cm"},"content":{"rendered":"<p>Der stabile Snackball besteht aus Kunststoff und l\u00e4sst sich ganz einfach mit Leckerchen bef\u00fcllen. So ist ein extra langer Spielspa\u00df f\u00fcr Ihren Vierbeiner garantiert!<\/p>\n<p>Durch Rollbewegungen fallen die Leckerlies nach und nach aus dem Ball heraus. Die verstellbare \u00d6ffnung erm\u00f6glicht ein Regulieren der Leckerlieausgabe. Ein tolles Spielzeug, um die Geschicklichkeit Ihres Hundes zu schulen!<\/p>\n<p>Durchmesser: ca. 11 cm<\/p>\n<p>Diverse Farben. Eine Farbwahl ist leider nicht m\u00f6glich, da die Farbe je nach Lagerbestand gew\u00e4hlt wird.<\/p>\n","protected":false},"excerpt":{"rendered":"<p>Der stabile Snackball besteht aus Kunststoff und l\u00e4sst sich ganz einfach mit Leckerchen bef\u00fcllen. So ist ein extra langer Spielspa\u00df f\u00fcr Ihren Vierbeiner garantiert! Durch Rollbewegungen fallen die Leckerlies nach und nach aus dem Ball heraus. Die verstellbare \u00d6ffnung erm\u00f6glicht ein Regulieren der Leckerlieausgabe. Ein tolles Spielzeug, um die Geschicklichkeit Ihres Hundes zu schulen! Durchmesser: [&hellip;]<\/p>\n","protected":false},"featured_media":30935,"comment_status":"closed","ping_status":"open","template":"","meta":[],"product_cat":[14811],"product_tag":[],"class_list":{"0":"post-53484","1":"product","2":"type-product","3":"status-publish","4":"has-post-thumbnail","6":"product_cat-intelligenz-hundespielzeug-sport-hundebaellehundewelt","8":"first","9":"instock","10":"taxable","11":"shipping-taxable","12":"purchasable","13":"product-type-simple"},"_links":{"self":[{"href":"https:\/\/all-pets.de\/shop\/wp-json\/wp\/v2\/product\/53484","targetHints":{"allow":["GET"]}}],"collection":[{"href":"https:\/\/all-pets.de\/shop\/wp-json\/wp\/v2\/product"}],"about":[{"href":"https:\/\/all-pets.de\/shop\/wp-json\/wp\/v2\/types\/product"}],"replies":[{"embeddable":true,"href":"https:\/\/all-pets.de\/shop\/wp-json\/wp\/v2\/comments?post=53484"}],"wp:featuredmedia":[{"embeddable":true,"href":"https:\/\/all-pets.de\/shop\/wp-json\/wp\/v2\/media\/30935"}],"wp:attachment":[{"href":"https:\/\/all-pets.de\/shop\/wp-json\/wp\/v2\/media?parent=53484"}],"wp:term":[{"taxonomy":"product_cat","embeddable":true,"href":"https:\/\/all-pets.de\/shop\/wp-json\/wp\/v2\/product_cat?post=53484"},{"taxonomy":"product_tag","embeddable":true,"href":"https:\/\/all-pets.de\/shop\/wp-json\/wp\/v2\/product_tag?post=53484"}],"curies":[{"name":"wp","href":"https:\/\/api.w.org\/{rel}","templated":true}]}}