{"id":53485,"date":"2023-12-12T12:46:06","date_gmt":"2023-12-12T11:46:06","guid":{"rendered":"https:\/\/pet-shopping.de\/shop\/produkt\/karlie-flamingo-vollgummi-knochen-14-cm\/"},"modified":"2023-12-12T12:46:06","modified_gmt":"2023-12-12T11:46:06","slug":"karlie-flamingo-vollgummi-knochen-14-cm","status":"publish","type":"product","link":"https:\/\/all-pets.de\/shop\/produkt\/karlie-flamingo-vollgummi-knochen-14-cm\/","title":{"rendered":"Karlie Flamingo Vollgummi-Knochen &#8211; 14 cm"},"content":{"rendered":"<p>Diese Knochen aus Vollgummi sind ein robustes Hundespielzeug. Sie eignen sich toll zum Spielen, Kauen und Apportieren. <\/p>\n<p>Dank der drei zur Auswahl stehenden Gr\u00f6\u00dfen ist das Spielzeug f\u00fcr kleine, mittlere und gro\u00dfe Hunde geeignet. Die Gummiknochen sind zudem in sechs bunten Farben erh\u00e4ltlich. <\/p>\n<p>Eine Farbauswahl ist leider nicht m\u00f6glich, da die Farbe je nach Lagerbestand gew\u00e4hlt wird.<\/p>\n<p>Gr\u00f6\u00dfe: ca. 14 cm<\/p>\n","protected":false},"excerpt":{"rendered":"<p>Diese Knochen aus Vollgummi sind ein robustes Hundespielzeug. Sie eignen sich toll zum Spielen, Kauen und Apportieren. Dank der drei zur Auswahl stehenden Gr\u00f6\u00dfen ist das Spielzeug f\u00fcr kleine, mittlere und gro\u00dfe Hunde geeignet. Die Gummiknochen sind zudem in sechs bunten Farben erh\u00e4ltlich. Eine Farbauswahl ist leider nicht m\u00f6glich, da die Farbe je nach Lagerbestand [&hellip;]<\/p>\n","protected":false},"featured_media":30944,"comment_status":"closed","ping_status":"open","template":"","meta":[],"product_cat":[15682],"product_tag":[],"class_list":{"0":"post-53485","1":"product","2":"type-product","3":"status-publish","4":"has-post-thumbnail","6":"product_cat-weitere-spielzeuge-hundespielzeug-sport-apportierenhundewelt","8":"first","9":"instock","10":"taxable","11":"shipping-taxable","12":"purchasable","13":"product-type-simple"},"_links":{"self":[{"href":"https:\/\/all-pets.de\/shop\/wp-json\/wp\/v2\/product\/53485","targetHints":{"allow":["GET"]}}],"collection":[{"href":"https:\/\/all-pets.de\/shop\/wp-json\/wp\/v2\/product"}],"about":[{"href":"https:\/\/all-pets.de\/shop\/wp-json\/wp\/v2\/types\/product"}],"replies":[{"embeddable":true,"href":"https:\/\/all-pets.de\/shop\/wp-json\/wp\/v2\/comments?post=53485"}],"wp:featuredmedia":[{"embeddable":true,"href":"https:\/\/all-pets.de\/shop\/wp-json\/wp\/v2\/media\/30944"}],"wp:attachment":[{"href":"https:\/\/all-pets.de\/shop\/wp-json\/wp\/v2\/media?parent=53485"}],"wp:term":[{"taxonomy":"product_cat","embeddable":true,"href":"https:\/\/all-pets.de\/shop\/wp-json\/wp\/v2\/product_cat?post=53485"},{"taxonomy":"product_tag","embeddable":true,"href":"https:\/\/all-pets.de\/shop\/wp-json\/wp\/v2\/product_tag?post=53485"}],"curies":[{"name":"wp","href":"https:\/\/api.w.org\/{rel}","templated":true}]}}