{"id":53489,"date":"2023-12-12T12:46:06","date_gmt":"2023-12-12T11:46:06","guid":{"rendered":"https:\/\/pet-shopping.de\/shop\/produkt\/all-for-paws-chill-out-summer-bowl-sommernapf-350-ml\/"},"modified":"2023-12-12T12:46:07","modified_gmt":"2023-12-12T11:46:07","slug":"all-for-paws-chill-out-summer-bowl-sommernapf-350-ml","status":"publish","type":"product","link":"https:\/\/all-pets.de\/shop\/produkt\/all-for-paws-chill-out-summer-bowl-sommernapf-350-ml\/","title":{"rendered":"All for Paws Chill Out Summer Bowl &#8211; Sommernapf &#8211; 350 ml"},"content":{"rendered":"<p>Dieser Sommernapf ist speziell daf\u00fcr entwickelt worden das Wasser von Ihrem Haustier lange kalt und frisch zu halten.<\/p>\n<p>Gerade an hei\u00dfen Tagen wird es Ihr Liebling Ihnen danken, dass die SAP-Gelkugeln im Inneren f\u00fcr eine langanhaltende K\u00fchlung des Wassers sorgen.<\/p>\n<p>Farbe: Wei\u00df\/Blau <\/p>\n<p>Fassungsverm\u00f6gen: ca. 350 ml<\/p>\n<p>Au\u00dfendurchmesser: ca. 20 cm  <\/p>\n","protected":false},"excerpt":{"rendered":"<p>Dieser Sommernapf ist speziell daf\u00fcr entwickelt worden das Wasser von Ihrem Haustier lange kalt und frisch zu halten. Gerade an hei\u00dfen Tagen wird es Ihr Liebling Ihnen danken, dass die SAP-Gelkugeln im Inneren f\u00fcr eine langanhaltende K\u00fchlung des Wassers sorgen. Farbe: Wei\u00df\/Blau Fassungsverm\u00f6gen: ca. 350 ml Au\u00dfendurchmesser: ca. 20 cm<\/p>\n","protected":false},"featured_media":30997,"comment_status":"closed","ping_status":"open","template":"","meta":[],"product_cat":[15685],"product_tag":[],"class_list":{"0":"post-53489","1":"product","2":"type-product","3":"status-publish","4":"has-post-thumbnail","6":"product_cat-futter-wassernaepfe-hundenaepfe-traenken-hundenaepfe-traenkenhundewelt-hundewelt","8":"first","9":"instock","10":"taxable","11":"shipping-taxable","12":"purchasable","13":"product-type-simple"},"_links":{"self":[{"href":"https:\/\/all-pets.de\/shop\/wp-json\/wp\/v2\/product\/53489","targetHints":{"allow":["GET"]}}],"collection":[{"href":"https:\/\/all-pets.de\/shop\/wp-json\/wp\/v2\/product"}],"about":[{"href":"https:\/\/all-pets.de\/shop\/wp-json\/wp\/v2\/types\/product"}],"replies":[{"embeddable":true,"href":"https:\/\/all-pets.de\/shop\/wp-json\/wp\/v2\/comments?post=53489"}],"wp:featuredmedia":[{"embeddable":true,"href":"https:\/\/all-pets.de\/shop\/wp-json\/wp\/v2\/media\/30997"}],"wp:attachment":[{"href":"https:\/\/all-pets.de\/shop\/wp-json\/wp\/v2\/media?parent=53489"}],"wp:term":[{"taxonomy":"product_cat","embeddable":true,"href":"https:\/\/all-pets.de\/shop\/wp-json\/wp\/v2\/product_cat?post=53489"},{"taxonomy":"product_tag","embeddable":true,"href":"https:\/\/all-pets.de\/shop\/wp-json\/wp\/v2\/product_tag?post=53489"}],"curies":[{"name":"wp","href":"https:\/\/api.w.org\/{rel}","templated":true}]}}