{"id":53490,"date":"2023-12-12T12:46:06","date_gmt":"2023-12-12T11:46:06","guid":{"rendered":"https:\/\/pet-shopping.de\/shop\/produkt\/all-for-paws-chill-out-ice-bandana-kuehlendes-halstuch-fuer-hunde-m\/"},"modified":"2023-12-12T12:46:07","modified_gmt":"2023-12-12T11:46:07","slug":"all-for-paws-chill-out-ice-bandana-kuehlendes-halstuch-fuer-hunde-m","status":"publish","type":"product","link":"https:\/\/all-pets.de\/shop\/produkt\/all-for-paws-chill-out-ice-bandana-kuehlendes-halstuch-fuer-hunde-m\/","title":{"rendered":"All for Paws Chill Out Ice Bandana- k\u00fchlendes Halstuch f\u00fcr Hunde &#8211; M"},"content":{"rendered":"<p><span style=\"font-family: Arial\">Dieses k\u00fchlende Halstuch f\u00fcr Hunde ist ein must have f\u00fcr jeden Hundefreund.<\/p>\n<p>Ihr\u00a0kleiner Streuner wird es Lieben, denn es macht die hei\u00dfen\u00a0Tage\u00a0ertr\u00e4glicher f\u00fcr ihn und er kann den Sommer genie\u00dfen. Einfach in kaltes Wasser legen und &#8222;auftanken&#8220;, danach k\u00fchlt das Tuch f\u00fcr mehrere Stunden.<\/p>\n<p>Das sch\u00f6ne an diesem Halstuch ist, das es\u00a0beliebig oft wieder verwendet werden kann.<\/span><\/p>\n<p><span style=\"font-family: Arial\">Kein K\u00fchlschrank oder Gefrierfach notwendig. <\/span><\/p>\n<p><span style=\"font-family: Arial\">Farbe: Blau<\/span><\/p>\n<p><span style=\"font-family: Arial\">Halsumfang: ca. 38 &#8211; 46 cm<br \/> <\/span><\/p>\n","protected":false},"excerpt":{"rendered":"<p>Dieses k\u00fchlende Halstuch f\u00fcr Hunde ist ein must have f\u00fcr jeden Hundefreund. Ihr\u00a0kleiner Streuner wird es Lieben, denn es macht die hei\u00dfen\u00a0Tage\u00a0ertr\u00e4glicher f\u00fcr ihn und er kann den Sommer genie\u00dfen. Einfach in kaltes Wasser legen und &#8222;auftanken&#8220;, danach k\u00fchlt das Tuch f\u00fcr mehrere Stunden. Das sch\u00f6ne an diesem Halstuch ist, das es\u00a0beliebig oft wieder verwendet [&hellip;]<\/p>\n","protected":false},"featured_media":31010,"comment_status":"closed","ping_status":"open","template":"","meta":[],"product_cat":[15686],"product_tag":[],"class_list":{"0":"post-53490","1":"product","2":"type-product","3":"status-publish","4":"has-post-thumbnail","6":"product_cat-funktions-kleidung-hundebekleidung-weitere-halsbaenderhundewelt","8":"first","9":"instock","10":"taxable","11":"shipping-taxable","12":"purchasable","13":"product-type-simple"},"_links":{"self":[{"href":"https:\/\/all-pets.de\/shop\/wp-json\/wp\/v2\/product\/53490","targetHints":{"allow":["GET"]}}],"collection":[{"href":"https:\/\/all-pets.de\/shop\/wp-json\/wp\/v2\/product"}],"about":[{"href":"https:\/\/all-pets.de\/shop\/wp-json\/wp\/v2\/types\/product"}],"replies":[{"embeddable":true,"href":"https:\/\/all-pets.de\/shop\/wp-json\/wp\/v2\/comments?post=53490"}],"wp:featuredmedia":[{"embeddable":true,"href":"https:\/\/all-pets.de\/shop\/wp-json\/wp\/v2\/media\/31010"}],"wp:attachment":[{"href":"https:\/\/all-pets.de\/shop\/wp-json\/wp\/v2\/media?parent=53490"}],"wp:term":[{"taxonomy":"product_cat","embeddable":true,"href":"https:\/\/all-pets.de\/shop\/wp-json\/wp\/v2\/product_cat?post=53490"},{"taxonomy":"product_tag","embeddable":true,"href":"https:\/\/all-pets.de\/shop\/wp-json\/wp\/v2\/product_tag?post=53490"}],"curies":[{"name":"wp","href":"https:\/\/api.w.org\/{rel}","templated":true}]}}