{"id":53498,"date":"2023-12-12T12:46:09","date_gmt":"2023-12-12T11:46:09","guid":{"rendered":"https:\/\/pet-shopping.de\/shop\/produkt\/karlie-flamingo-nistmaterial-abita-kokosfasern-50-g\/"},"modified":"2023-12-12T12:46:10","modified_gmt":"2023-12-12T11:46:10","slug":"karlie-flamingo-nistmaterial-abita-kokosfasern-50-g","status":"publish","type":"product","link":"https:\/\/all-pets.de\/shop\/produkt\/karlie-flamingo-nistmaterial-abita-kokosfasern-50-g\/","title":{"rendered":"Karlie Flamingo Nistmaterial Abita Kokosfasern &#8211; 50 g"},"content":{"rendered":"<p>100% nat\u00fcrliches Nistmaterial f\u00fcr V\u00f6gel in K\u00e4figen und Vogelh\u00e4usern. <\/p>\n<p>Diese nat\u00fcrlichen Kokosfasern sind superabsorbierend und ideal als Nistmaterial f\u00fcr kleine V\u00f6gel in K\u00e4figen und Nesth\u00e4usern. Dieses Nistmaterial ist vollst\u00e4ndig recycelf\u00e4hig und kompostierbar und nicht umweltbelastend.<\/p>\n<p>Inhalt: 50 g<\/p>\n","protected":false},"excerpt":{"rendered":"<p>100% nat\u00fcrliches Nistmaterial f\u00fcr V\u00f6gel in K\u00e4figen und Vogelh\u00e4usern. Diese nat\u00fcrlichen Kokosfasern sind superabsorbierend und ideal als Nistmaterial f\u00fcr kleine V\u00f6gel in K\u00e4figen und Nesth\u00e4usern. Dieses Nistmaterial ist vollst\u00e4ndig recycelf\u00e4hig und kompostierbar und nicht umweltbelastend. Inhalt: 50 g<\/p>\n","protected":false},"featured_media":31035,"comment_status":"closed","ping_status":"open","template":"","meta":[],"product_cat":[13681],"product_tag":[],"class_list":{"0":"post-53498","1":"product","2":"type-product","3":"status-publish","4":"has-post-thumbnail","6":"product_cat-nester-nistmaterial","8":"first","9":"instock","10":"taxable","11":"shipping-taxable","12":"purchasable","13":"product-type-simple"},"_links":{"self":[{"href":"https:\/\/all-pets.de\/shop\/wp-json\/wp\/v2\/product\/53498","targetHints":{"allow":["GET"]}}],"collection":[{"href":"https:\/\/all-pets.de\/shop\/wp-json\/wp\/v2\/product"}],"about":[{"href":"https:\/\/all-pets.de\/shop\/wp-json\/wp\/v2\/types\/product"}],"replies":[{"embeddable":true,"href":"https:\/\/all-pets.de\/shop\/wp-json\/wp\/v2\/comments?post=53498"}],"wp:featuredmedia":[{"embeddable":true,"href":"https:\/\/all-pets.de\/shop\/wp-json\/wp\/v2\/media\/31035"}],"wp:attachment":[{"href":"https:\/\/all-pets.de\/shop\/wp-json\/wp\/v2\/media?parent=53498"}],"wp:term":[{"taxonomy":"product_cat","embeddable":true,"href":"https:\/\/all-pets.de\/shop\/wp-json\/wp\/v2\/product_cat?post=53498"},{"taxonomy":"product_tag","embeddable":true,"href":"https:\/\/all-pets.de\/shop\/wp-json\/wp\/v2\/product_tag?post=53498"}],"curies":[{"name":"wp","href":"https:\/\/api.w.org\/{rel}","templated":true}]}}