{"id":53517,"date":"2023-12-12T12:46:14","date_gmt":"2023-12-12T11:46:14","guid":{"rendered":"https:\/\/pet-shopping.de\/shop\/produkt\/ebi-petit-welpen-snackspielzeug-chico-rosa\/"},"modified":"2023-12-12T12:46:14","modified_gmt":"2023-12-12T11:46:14","slug":"ebi-petit-welpen-snackspielzeug-chico-rosa","status":"publish","type":"product","link":"https:\/\/all-pets.de\/shop\/produkt\/ebi-petit-welpen-snackspielzeug-chico-rosa\/","title":{"rendered":"EBI Petit Welpen-Snackspielzeug Chico &#8211; Rosa"},"content":{"rendered":"<p>&#8211; Belohnungsspielzeug f\u00fcr das Training<br \/> &#8211; Strapazierf\u00e4higer TPE-Gummi \u2013 rei\u00dffest<br \/> &#8211; Sicher, enth\u00e4lt kein BPA und ist sp\u00fclmaschinenfest<br \/> &#8211; Ergonomisches Design &#038; sichtbare Farbe<br \/> &#8211; F\u00fcr Welpen und kleine Hunde<br \/> &#8211; Gr\u00f6\u00dfe: ca. 12 x 6 x 6 cm<br \/> &#8211; Farbe: Rosa<\/p>\n<p>Das Hundespielzeug Chico von PETIT ist das perfekte Spielzeug f\u00fcr Trainingseinheiten. Es ist ein stimulierendes Snackspielzeug, das mit Trocken- und Nassfutter verwendet werden kann. Dieses Spielzeug kann auch n\u00fctzlich sein, um Ihren Hund stubenrein zu machen, gegen Langeweile anzuk\u00e4mpfen oder das Gewicht Ihres Hundes unter Kontrolle zu halten. Das Spielzeug Chico garantiert stundenlangen Spielspa\u00df f\u00fcr Welpen und kleine Hunde.<\/p>\n","protected":false},"excerpt":{"rendered":"<p>&#8211; Belohnungsspielzeug f\u00fcr das Training &#8211; Strapazierf\u00e4higer TPE-Gummi \u2013 rei\u00dffest &#8211; Sicher, enth\u00e4lt kein BPA und ist sp\u00fclmaschinenfest &#8211; Ergonomisches Design &#038; sichtbare Farbe &#8211; F\u00fcr Welpen und kleine Hunde &#8211; Gr\u00f6\u00dfe: ca. 12 x 6 x 6 cm &#8211; Farbe: Rosa Das Hundespielzeug Chico von PETIT ist das perfekte Spielzeug f\u00fcr Trainingseinheiten. Es ist [&hellip;]<\/p>\n","protected":false},"featured_media":31111,"comment_status":"closed","ping_status":"open","template":"","meta":[],"product_cat":[13885],"product_tag":[],"class_list":{"0":"post-53517","1":"product","2":"type-product","3":"status-publish","4":"has-post-thumbnail","6":"product_cat-puppy-spielzeug-hundespielzeug-sport","8":"first","9":"instock","10":"taxable","11":"shipping-taxable","12":"purchasable","13":"product-type-simple"},"_links":{"self":[{"href":"https:\/\/all-pets.de\/shop\/wp-json\/wp\/v2\/product\/53517","targetHints":{"allow":["GET"]}}],"collection":[{"href":"https:\/\/all-pets.de\/shop\/wp-json\/wp\/v2\/product"}],"about":[{"href":"https:\/\/all-pets.de\/shop\/wp-json\/wp\/v2\/types\/product"}],"replies":[{"embeddable":true,"href":"https:\/\/all-pets.de\/shop\/wp-json\/wp\/v2\/comments?post=53517"}],"wp:featuredmedia":[{"embeddable":true,"href":"https:\/\/all-pets.de\/shop\/wp-json\/wp\/v2\/media\/31111"}],"wp:attachment":[{"href":"https:\/\/all-pets.de\/shop\/wp-json\/wp\/v2\/media?parent=53517"}],"wp:term":[{"taxonomy":"product_cat","embeddable":true,"href":"https:\/\/all-pets.de\/shop\/wp-json\/wp\/v2\/product_cat?post=53517"},{"taxonomy":"product_tag","embeddable":true,"href":"https:\/\/all-pets.de\/shop\/wp-json\/wp\/v2\/product_tag?post=53517"}],"curies":[{"name":"wp","href":"https:\/\/api.w.org\/{rel}","templated":true}]}}