{"id":53518,"date":"2023-12-12T12:46:14","date_gmt":"2023-12-12T11:46:14","guid":{"rendered":"https:\/\/pet-shopping.de\/shop\/produkt\/karlie-flamingo-kratzsaeule-skai-leather-braun\/"},"modified":"2023-12-12T12:46:14","modified_gmt":"2023-12-12T11:46:14","slug":"karlie-flamingo-kratzsaeule-skai-leather-braun","status":"publish","type":"product","link":"https:\/\/all-pets.de\/shop\/produkt\/karlie-flamingo-kratzsaeule-skai-leather-braun\/","title":{"rendered":"Karlie Flamingo Kratzs\u00e4ule Skai Leather &#8211; Braun"},"content":{"rendered":"<p>Die attraktive Kratzs\u00e4ule Skai unterst\u00fctzt die artgerechte Krallenpflege von Wohnungskatzen und sieht dabei auch noch richtig edel aus. Die Bodenplatte, sowie die Oberseite des Sisalstammes, sind mit Kunstleder bezogen. Die gro\u00dfe Bodenplatte gew\u00e4hrt einen sicheren Stand.<\/p>\n<p>Ma\u00dfe: ca. 38 x 38 x 59 cm<br \/> Farbe: braun<\/p>\n","protected":false},"excerpt":{"rendered":"<p>Die attraktive Kratzs\u00e4ule Skai unterst\u00fctzt die artgerechte Krallenpflege von Wohnungskatzen und sieht dabei auch noch richtig edel aus. Die Bodenplatte, sowie die Oberseite des Sisalstammes, sind mit Kunstleder bezogen. Die gro\u00dfe Bodenplatte gew\u00e4hrt einen sicheren Stand. Ma\u00dfe: ca. 38 x 38 x 59 cm Farbe: braun<\/p>\n","protected":false},"featured_media":31123,"comment_status":"closed","ping_status":"open","template":"","meta":[],"product_cat":[13704],"product_tag":[],"class_list":{"0":"post-53518","1":"product","2":"type-product","3":"status-publish","4":"has-post-thumbnail","6":"product_cat-kratzbaeume-moebel-bis-100-cmkatzenwelt","8":"first","9":"instock","10":"taxable","11":"shipping-taxable","12":"purchasable","13":"product-type-simple"},"_links":{"self":[{"href":"https:\/\/all-pets.de\/shop\/wp-json\/wp\/v2\/product\/53518","targetHints":{"allow":["GET"]}}],"collection":[{"href":"https:\/\/all-pets.de\/shop\/wp-json\/wp\/v2\/product"}],"about":[{"href":"https:\/\/all-pets.de\/shop\/wp-json\/wp\/v2\/types\/product"}],"replies":[{"embeddable":true,"href":"https:\/\/all-pets.de\/shop\/wp-json\/wp\/v2\/comments?post=53518"}],"wp:featuredmedia":[{"embeddable":true,"href":"https:\/\/all-pets.de\/shop\/wp-json\/wp\/v2\/media\/31123"}],"wp:attachment":[{"href":"https:\/\/all-pets.de\/shop\/wp-json\/wp\/v2\/media?parent=53518"}],"wp:term":[{"taxonomy":"product_cat","embeddable":true,"href":"https:\/\/all-pets.de\/shop\/wp-json\/wp\/v2\/product_cat?post=53518"},{"taxonomy":"product_tag","embeddable":true,"href":"https:\/\/all-pets.de\/shop\/wp-json\/wp\/v2\/product_tag?post=53518"}],"curies":[{"name":"wp","href":"https:\/\/api.w.org\/{rel}","templated":true}]}}