{"id":53522,"date":"2023-12-12T12:46:14","date_gmt":"2023-12-12T11:46:14","guid":{"rendered":"https:\/\/pet-shopping.de\/shop\/produkt\/karlie-blinki-disc-sicherheitslicht-weiss\/"},"modified":"2023-12-12T12:46:14","modified_gmt":"2023-12-12T11:46:14","slug":"karlie-blinki-disc-sicherheitslicht-weiss","status":"publish","type":"product","link":"https:\/\/all-pets.de\/shop\/produkt\/karlie-blinki-disc-sicherheitslicht-weiss\/","title":{"rendered":"Karlie Blinki Disc Sicherheitslicht &#8211; Wei\u00df"},"content":{"rendered":"<p><span>LED Sicherheitsblinker f\u00fcr die Spazierg\u00e4nge im Dunkeln.<\/p>\n<p>Mit 2 Lichtfunktionen:<br \/> 1. nonstop Lichtfunktion (leuchtet durchg\u00e4ngig)<br \/> 2. Blinkfunktion<\/p>\n<p>Die Blinki Disc ist mit superhellen LEDs und 2 Batterien (CR 2016) ausgestattet ist, die selbstverst\u00e4ndlich im Lieferumfang enthalten sind. Die Befestigung am Halsband oder Geschirr ergolgt \u00fcber einen Haken. Die Blinki Disc ist sofort einsetzbar und sch\u00fctzt Ihren Hund vor Unf\u00e4llen mit Autos und Radfahrern. <\/p>\n<p>In 3 Farbvarianten erh\u00e4ltlich: Wei\u00df, Rot und Multicolor (Bunt).<\/p>\n<p>Durchmesser: 3,5 cm<br \/> <\/span><\/p>\n","protected":false},"excerpt":{"rendered":"<p>LED Sicherheitsblinker f\u00fcr die Spazierg\u00e4nge im Dunkeln. Mit 2 Lichtfunktionen: 1. nonstop Lichtfunktion (leuchtet durchg\u00e4ngig) 2. Blinkfunktion Die Blinki Disc ist mit superhellen LEDs und 2 Batterien (CR 2016) ausgestattet ist, die selbstverst\u00e4ndlich im Lieferumfang enthalten sind. Die Befestigung am Halsband oder Geschirr ergolgt \u00fcber einen Haken. Die Blinki Disc ist sofort einsetzbar und sch\u00fctzt [&hellip;]<\/p>\n","protected":false},"featured_media":31161,"comment_status":"closed","ping_status":"open","template":"","meta":[],"product_cat":[14968],"product_tag":[],"class_list":{"0":"post-53522","1":"product","2":"type-product","3":"status-publish","4":"has-post-thumbnail","6":"product_cat-hundeadressanhaenger-blinker-halsbaender-leinen-sicherheithundewelt","8":"first","9":"instock","10":"taxable","11":"shipping-taxable","12":"purchasable","13":"product-type-simple"},"_links":{"self":[{"href":"https:\/\/all-pets.de\/shop\/wp-json\/wp\/v2\/product\/53522","targetHints":{"allow":["GET"]}}],"collection":[{"href":"https:\/\/all-pets.de\/shop\/wp-json\/wp\/v2\/product"}],"about":[{"href":"https:\/\/all-pets.de\/shop\/wp-json\/wp\/v2\/types\/product"}],"replies":[{"embeddable":true,"href":"https:\/\/all-pets.de\/shop\/wp-json\/wp\/v2\/comments?post=53522"}],"wp:featuredmedia":[{"embeddable":true,"href":"https:\/\/all-pets.de\/shop\/wp-json\/wp\/v2\/media\/31161"}],"wp:attachment":[{"href":"https:\/\/all-pets.de\/shop\/wp-json\/wp\/v2\/media?parent=53522"}],"wp:term":[{"taxonomy":"product_cat","embeddable":true,"href":"https:\/\/all-pets.de\/shop\/wp-json\/wp\/v2\/product_cat?post=53522"},{"taxonomy":"product_tag","embeddable":true,"href":"https:\/\/all-pets.de\/shop\/wp-json\/wp\/v2\/product_tag?post=53522"}],"curies":[{"name":"wp","href":"https:\/\/api.w.org\/{rel}","templated":true}]}}