{"id":53547,"date":"2023-12-12T12:46:18","date_gmt":"2023-12-12T11:46:18","guid":{"rendered":"https:\/\/pet-shopping.de\/shop\/produkt\/hunter-verstellbare-fuehrleine-krazy-scull-xs-breite-10mm-laenge-200-cm\/"},"modified":"2023-12-12T12:46:19","modified_gmt":"2023-12-12T11:46:19","slug":"hunter-verstellbare-fuehrleine-krazy-scull-xs-breite-10mm-laenge-200-cm","status":"publish","type":"product","link":"https:\/\/all-pets.de\/shop\/produkt\/hunter-verstellbare-fuehrleine-krazy-scull-xs-breite-10mm-laenge-200-cm\/","title":{"rendered":"Hunter Verstellbare F\u00fchrleine Krazy Scull &#8211; XS: Breite: 10mm \/ L\u00e4nge: 200 cm"},"content":{"rendered":"<p>Sehr schicke, trendige F\u00fchrleine von Hunter mit Totenkopfmotiv.Nylon-Soft gen\u00e4ht. Metallteile sind vernickelt.Extrem rei\u00dffest, sehr haltbar und pflegeleicht.Farbe: grau-schwarz: Krazy Scull Totenkopfmotiv<\/p>\n","protected":false},"excerpt":{"rendered":"<p>Sehr schicke, trendige F\u00fchrleine von Hunter mit Totenkopfmotiv.Nylon-Soft gen\u00e4ht. Metallteile sind vernickelt.Extrem rei\u00dffest, sehr haltbar und pflegeleicht.Farbe: grau-schwarz: Krazy Scull Totenkopfmotiv<\/p>\n","protected":false},"featured_media":31252,"comment_status":"closed","ping_status":"open","template":"","meta":[],"product_cat":[14701],"product_tag":[],"class_list":{"0":"post-53547","1":"product","2":"type-product","3":"status-publish","4":"has-post-thumbnail","6":"product_cat-nylonleinen-leinen","8":"first","9":"instock","10":"taxable","11":"shipping-taxable","12":"purchasable","13":"product-type-simple"},"_links":{"self":[{"href":"https:\/\/all-pets.de\/shop\/wp-json\/wp\/v2\/product\/53547","targetHints":{"allow":["GET"]}}],"collection":[{"href":"https:\/\/all-pets.de\/shop\/wp-json\/wp\/v2\/product"}],"about":[{"href":"https:\/\/all-pets.de\/shop\/wp-json\/wp\/v2\/types\/product"}],"replies":[{"embeddable":true,"href":"https:\/\/all-pets.de\/shop\/wp-json\/wp\/v2\/comments?post=53547"}],"wp:featuredmedia":[{"embeddable":true,"href":"https:\/\/all-pets.de\/shop\/wp-json\/wp\/v2\/media\/31252"}],"wp:attachment":[{"href":"https:\/\/all-pets.de\/shop\/wp-json\/wp\/v2\/media?parent=53547"}],"wp:term":[{"taxonomy":"product_cat","embeddable":true,"href":"https:\/\/all-pets.de\/shop\/wp-json\/wp\/v2\/product_cat?post=53547"},{"taxonomy":"product_tag","embeddable":true,"href":"https:\/\/all-pets.de\/shop\/wp-json\/wp\/v2\/product_tag?post=53547"}],"curies":[{"name":"wp","href":"https:\/\/api.w.org\/{rel}","templated":true}]}}