{"id":53562,"date":"2023-12-12T12:46:23","date_gmt":"2023-12-12T11:46:23","guid":{"rendered":"https:\/\/pet-shopping.de\/shop\/produkt\/karlie-asp-katzenhalsband-schwarz\/"},"modified":"2023-12-12T12:46:24","modified_gmt":"2023-12-12T11:46:24","slug":"karlie-asp-katzenhalsband-schwarz","status":"publish","type":"product","link":"https:\/\/all-pets.de\/shop\/produkt\/karlie-asp-katzenhalsband-schwarz\/","title":{"rendered":"Karlie ASP Katzenhalsband &#8211; Schwarz"},"content":{"rendered":"<p>Katzensicherheitshalsband in vielen aktuellen Farben. Dieses Halsband bietet Sicherheit f\u00fcr Ihr Tier durch den Safety Click Verschluss. Bei diesem bew\u00e4hrtem Schnell-Verschluss-System l\u00f6st sich der Verschluss von alleine, sobald verst\u00e4rkter Zug auf das Halsband ausge\u00fcbt wird und erm\u00f6glicht so ein eigenst\u00e4ndiges Befreien. Das Halsband hat ein Gl\u00f6ckchen und ist stufenlos verstellbar.<\/p>\n<p>Art Sportiv Plus ist eine Kollektion aus weichem, strapazierf\u00e4higem Nylonmaterial. Hochwertige Verarbeitung, stabile, verchromte Beschl\u00e4ge, hautsympathisches Nylon, verschwei\u00dfte Sicherheitsn\u00e4hte, extreme Rei\u00dffestigkeit und eine lange Lebensdauer zeichnen diese Produkte aus. <\/p>\n<p>L\u00e4nge: 30 cm<br \/> Breite: 10 mm<br \/> Farbe: Schwarz<br \/> Verstellbar ca. von 19,5 bis 30 cm.<\/p>\n","protected":false},"excerpt":{"rendered":"<p>Katzensicherheitshalsband in vielen aktuellen Farben. Dieses Halsband bietet Sicherheit f\u00fcr Ihr Tier durch den Safety Click Verschluss. Bei diesem bew\u00e4hrtem Schnell-Verschluss-System l\u00f6st sich der Verschluss von alleine, sobald verst\u00e4rkter Zug auf das Halsband ausge\u00fcbt wird und erm\u00f6glicht so ein eigenst\u00e4ndiges Befreien. Das Halsband hat ein Gl\u00f6ckchen und ist stufenlos verstellbar. Art Sportiv Plus ist eine [&hellip;]<\/p>\n","protected":false},"featured_media":31329,"comment_status":"closed","ping_status":"open","template":"","meta":[],"product_cat":[14236],"product_tag":[],"class_list":{"0":"post-53562","1":"product","2":"type-product","3":"status-publish","4":"has-post-thumbnail","6":"product_cat-halsbaender-katzenhalsbaender-geschirre","8":"first","9":"instock","10":"taxable","11":"shipping-taxable","12":"purchasable","13":"product-type-simple"},"_links":{"self":[{"href":"https:\/\/all-pets.de\/shop\/wp-json\/wp\/v2\/product\/53562","targetHints":{"allow":["GET"]}}],"collection":[{"href":"https:\/\/all-pets.de\/shop\/wp-json\/wp\/v2\/product"}],"about":[{"href":"https:\/\/all-pets.de\/shop\/wp-json\/wp\/v2\/types\/product"}],"replies":[{"embeddable":true,"href":"https:\/\/all-pets.de\/shop\/wp-json\/wp\/v2\/comments?post=53562"}],"wp:featuredmedia":[{"embeddable":true,"href":"https:\/\/all-pets.de\/shop\/wp-json\/wp\/v2\/media\/31329"}],"wp:attachment":[{"href":"https:\/\/all-pets.de\/shop\/wp-json\/wp\/v2\/media?parent=53562"}],"wp:term":[{"taxonomy":"product_cat","embeddable":true,"href":"https:\/\/all-pets.de\/shop\/wp-json\/wp\/v2\/product_cat?post=53562"},{"taxonomy":"product_tag","embeddable":true,"href":"https:\/\/all-pets.de\/shop\/wp-json\/wp\/v2\/product_tag?post=53562"}],"curies":[{"name":"wp","href":"https:\/\/api.w.org\/{rel}","templated":true}]}}