{"id":53584,"date":"2023-12-12T12:46:27","date_gmt":"2023-12-12T11:46:27","guid":{"rendered":"https:\/\/pet-shopping.de\/shop\/produkt\/trixie-pfotenschutzschuhe-walker-active-xs\/"},"modified":"2023-12-12T12:46:28","modified_gmt":"2023-12-12T11:46:28","slug":"trixie-pfotenschutzschuhe-walker-active-xs","status":"publish","type":"product","link":"https:\/\/all-pets.de\/shop\/produkt\/trixie-pfotenschutzschuhe-walker-active-xs\/","title":{"rendered":"Trixie Pfotenschutzschuhe Walker Active &#8211; XS"},"content":{"rendered":"<ul>\n<li> rutschfester Halt durch robuste Profilsohle (PVC) <\/li>\n<li> atmungsaktives Mesh-Material <\/li>\n<li>ganzj\u00e4hrig einsetzbar <\/li>\n<li> hoher Tragekomfort <\/li>\n<li> besonders langlebig <\/li>\n<li> unterst\u00fctzt die Heilung von Verletzungen <\/li>\n<li> senkt das Infektionsrisiko <\/li>\n<li> mit reflektierenden Streifen <\/li>\n<li> bietet optimalen Schutz auf steinigem Untergrund, Asphalt und hei\u00dfem Sand <\/li>\n<li> auch innen einsetzbar: gute Standfestigkeit bei glatten Bodenbel\u00e4gen <\/li>\n<li> sch\u00fctzt im Winter vor Streusalz und Splitt <\/li>\n<li> praktischer, spezieller Klettverschluss, in dem sich das Fell des Hundes nicht verhakt <\/li>\n<li>Inhalt: 2 St\u00fcck <\/li>\n<li> Farbe: schwarz <\/li>\n<li>Gr\u00f6\u00dfe XS f\u00fcr z. B.: Yorkshire Terrier <\/li>\n<\/ul>\n","protected":false},"excerpt":{"rendered":"<p>rutschfester Halt durch robuste Profilsohle (PVC) atmungsaktives Mesh-Material ganzj\u00e4hrig einsetzbar hoher Tragekomfort besonders langlebig unterst\u00fctzt die Heilung von Verletzungen senkt das Infektionsrisiko mit reflektierenden Streifen bietet optimalen Schutz auf steinigem Untergrund, Asphalt und hei\u00dfem Sand auch innen einsetzbar: gute Standfestigkeit bei glatten Bodenbel\u00e4gen sch\u00fctzt im Winter vor Streusalz und Splitt praktischer, spezieller Klettverschluss, in dem [&hellip;]<\/p>\n","protected":false},"featured_media":31386,"comment_status":"closed","ping_status":"open","template":"","meta":[],"product_cat":[15693],"product_tag":[],"class_list":{"0":"post-53584","1":"product","2":"type-product","3":"status-publish","4":"has-post-thumbnail","6":"product_cat-funktions-kleidung-hundebekleidung-funktions-kleidunghundewelt-unterwegs-pfotenpflegehundewelt","8":"first","9":"instock","10":"taxable","11":"shipping-taxable","12":"purchasable","13":"product-type-simple"},"_links":{"self":[{"href":"https:\/\/all-pets.de\/shop\/wp-json\/wp\/v2\/product\/53584","targetHints":{"allow":["GET"]}}],"collection":[{"href":"https:\/\/all-pets.de\/shop\/wp-json\/wp\/v2\/product"}],"about":[{"href":"https:\/\/all-pets.de\/shop\/wp-json\/wp\/v2\/types\/product"}],"replies":[{"embeddable":true,"href":"https:\/\/all-pets.de\/shop\/wp-json\/wp\/v2\/comments?post=53584"}],"wp:featuredmedia":[{"embeddable":true,"href":"https:\/\/all-pets.de\/shop\/wp-json\/wp\/v2\/media\/31386"}],"wp:attachment":[{"href":"https:\/\/all-pets.de\/shop\/wp-json\/wp\/v2\/media?parent=53584"}],"wp:term":[{"taxonomy":"product_cat","embeddable":true,"href":"https:\/\/all-pets.de\/shop\/wp-json\/wp\/v2\/product_cat?post=53584"},{"taxonomy":"product_tag","embeddable":true,"href":"https:\/\/all-pets.de\/shop\/wp-json\/wp\/v2\/product_tag?post=53584"}],"curies":[{"name":"wp","href":"https:\/\/api.w.org\/{rel}","templated":true}]}}