{"id":53588,"date":"2023-12-12T12:46:29","date_gmt":"2023-12-12T11:46:29","guid":{"rendered":"https:\/\/pet-shopping.de\/shop\/produkt\/trixie-kunststoffnapf-mittelschwer-09-l\/"},"modified":"2023-12-12T12:46:29","modified_gmt":"2023-12-12T11:46:29","slug":"trixie-kunststoffnapf-mittelschwer-09-l","status":"publish","type":"product","link":"https:\/\/all-pets.de\/shop\/produkt\/trixie-kunststoffnapf-mittelschwer-09-l\/","title":{"rendered":"Trixie Kunststoffnapf, mittelschwer &#8211; 0,9 l"},"content":{"rendered":"<p>Pflegeleichter quadratischer Kunststoffnapf f\u00fcr Hunde. Mittelschwere Ausf\u00fchrung, rutschfest durch Gummif\u00fc\u00dfe.<\/p>\n<p>Fassungsverm\u00f6gen: ca. 0,9 l<br \/> Au\u00dfenma\u00dfe Oberkante: ca. 17,5 x 17,5 cm<br \/> Au\u00dfenma\u00dfe Unterkante: ca. 22 x 22 cm<br \/> H\u00f6he: ca. 6,5 cm<\/p>\n<p>Diverse Farben. Eine Farbwahl ist leider nicht m\u00f6glich, da die Farbe je nach Lagerbestand gew\u00e4hlt wird.<\/p>\n","protected":false},"excerpt":{"rendered":"<p>Pflegeleichter quadratischer Kunststoffnapf f\u00fcr Hunde. Mittelschwere Ausf\u00fchrung, rutschfest durch Gummif\u00fc\u00dfe. Fassungsverm\u00f6gen: ca. 0,9 l Au\u00dfenma\u00dfe Oberkante: ca. 17,5 x 17,5 cm Au\u00dfenma\u00dfe Unterkante: ca. 22 x 22 cm H\u00f6he: ca. 6,5 cm Diverse Farben. Eine Farbwahl ist leider nicht m\u00f6glich, da die Farbe je nach Lagerbestand gew\u00e4hlt wird.<\/p>\n","protected":false},"featured_media":31412,"comment_status":"closed","ping_status":"open","template":"","meta":[],"product_cat":[14361],"product_tag":[],"class_list":{"0":"post-53588","1":"product","2":"type-product","3":"status-publish","4":"has-post-thumbnail","6":"product_cat-futter-wassernaepfe-hundenaepfe-traenken","8":"first","9":"instock","10":"taxable","11":"shipping-taxable","12":"purchasable","13":"product-type-simple"},"_links":{"self":[{"href":"https:\/\/all-pets.de\/shop\/wp-json\/wp\/v2\/product\/53588","targetHints":{"allow":["GET"]}}],"collection":[{"href":"https:\/\/all-pets.de\/shop\/wp-json\/wp\/v2\/product"}],"about":[{"href":"https:\/\/all-pets.de\/shop\/wp-json\/wp\/v2\/types\/product"}],"replies":[{"embeddable":true,"href":"https:\/\/all-pets.de\/shop\/wp-json\/wp\/v2\/comments?post=53588"}],"wp:featuredmedia":[{"embeddable":true,"href":"https:\/\/all-pets.de\/shop\/wp-json\/wp\/v2\/media\/31412"}],"wp:attachment":[{"href":"https:\/\/all-pets.de\/shop\/wp-json\/wp\/v2\/media?parent=53588"}],"wp:term":[{"taxonomy":"product_cat","embeddable":true,"href":"https:\/\/all-pets.de\/shop\/wp-json\/wp\/v2\/product_cat?post=53588"},{"taxonomy":"product_tag","embeddable":true,"href":"https:\/\/all-pets.de\/shop\/wp-json\/wp\/v2\/product_tag?post=53588"}],"curies":[{"name":"wp","href":"https:\/\/api.w.org\/{rel}","templated":true}]}}