{"id":53590,"date":"2023-12-12T12:46:29","date_gmt":"2023-12-12T11:46:29","guid":{"rendered":"https:\/\/pet-shopping.de\/shop\/produkt\/dog-comets-meteor-wurfstock-gruen-l\/"},"modified":"2023-12-12T12:46:29","modified_gmt":"2023-12-12T11:46:29","slug":"dog-comets-meteor-wurfstock-gruen-l","status":"publish","type":"product","link":"https:\/\/all-pets.de\/shop\/produkt\/dog-comets-meteor-wurfstock-gruen-l\/","title":{"rendered":"Dog Comets Meteor Wurfstock &#8211; Gr\u00fcn \/ L"},"content":{"rendered":"<p>Dieser Wurfstock ist hergestellt aus haltbarem Gummi und springt perfekt. Das Material massiert das Zahnfleisch und h\u00e4lt die Z\u00e4hne sauber. <br \/> Mit einem Quietscher f\u00fcr noch mehr Spielspa\u00df.<\/p>\n<p>Farbe: Gr\u00fcn<br \/> Gr\u00f6\u00dfe L: ca. 30 cm<\/p>\n","protected":false},"excerpt":{"rendered":"<p>Dieser Wurfstock ist hergestellt aus haltbarem Gummi und springt perfekt. Das Material massiert das Zahnfleisch und h\u00e4lt die Z\u00e4hne sauber. Mit einem Quietscher f\u00fcr noch mehr Spielspa\u00df. Farbe: Gr\u00fcn Gr\u00f6\u00dfe L: ca. 30 cm<\/p>\n","protected":false},"featured_media":31427,"comment_status":"closed","ping_status":"open","template":"","meta":[],"product_cat":[13680],"product_tag":[],"class_list":{"0":"post-53590","1":"product","2":"type-product","3":"status-publish","4":"has-post-thumbnail","6":"product_cat-hundewurfspielzeug","8":"first","9":"instock","10":"taxable","11":"shipping-taxable","12":"purchasable","13":"product-type-simple"},"_links":{"self":[{"href":"https:\/\/all-pets.de\/shop\/wp-json\/wp\/v2\/product\/53590","targetHints":{"allow":["GET"]}}],"collection":[{"href":"https:\/\/all-pets.de\/shop\/wp-json\/wp\/v2\/product"}],"about":[{"href":"https:\/\/all-pets.de\/shop\/wp-json\/wp\/v2\/types\/product"}],"replies":[{"embeddable":true,"href":"https:\/\/all-pets.de\/shop\/wp-json\/wp\/v2\/comments?post=53590"}],"wp:featuredmedia":[{"embeddable":true,"href":"https:\/\/all-pets.de\/shop\/wp-json\/wp\/v2\/media\/31427"}],"wp:attachment":[{"href":"https:\/\/all-pets.de\/shop\/wp-json\/wp\/v2\/media?parent=53590"}],"wp:term":[{"taxonomy":"product_cat","embeddable":true,"href":"https:\/\/all-pets.de\/shop\/wp-json\/wp\/v2\/product_cat?post=53590"},{"taxonomy":"product_tag","embeddable":true,"href":"https:\/\/all-pets.de\/shop\/wp-json\/wp\/v2\/product_tag?post=53590"}],"curies":[{"name":"wp","href":"https:\/\/api.w.org\/{rel}","templated":true}]}}