{"id":53595,"date":"2023-12-12T12:46:29","date_gmt":"2023-12-12T11:46:29","guid":{"rendered":"https:\/\/pet-shopping.de\/shop\/produkt\/trixie-schal-estelle-gruen-s-50-cm\/"},"modified":"2023-12-12T12:46:30","modified_gmt":"2023-12-12T11:46:30","slug":"trixie-schal-estelle-gruen-s-50-cm","status":"publish","type":"product","link":"https:\/\/all-pets.de\/shop\/produkt\/trixie-schal-estelle-gruen-s-50-cm\/","title":{"rendered":"Trixie Schal Estelle &#8211; gr\u00fcn &#8211; S \/ 50 cm"},"content":{"rendered":"<div class=\"mb-3 row\">\n<div class=\"col\">\n<ul>\n<li>\n<ul>\n<ul>\n<li>Samt-Optik\/Pl\u00fcsch (Polyester)<\/li>\n<li>Farbe: Gr\u00fcn<\/li>\n<li>Gr\u00f6\u00dfe S: 50 cm<\/li>\n<\/ul>\n<\/ul>\n<\/li>\n<\/ul>\n<\/div>\n<\/div>\n","protected":false},"excerpt":{"rendered":"<p>Samt-Optik\/Pl\u00fcsch (Polyester) Farbe: Gr\u00fcn Gr\u00f6\u00dfe S: 50 cm<\/p>\n","protected":false},"featured_media":53596,"comment_status":"closed","ping_status":"open","template":"","meta":[],"product_cat":[15699],"product_tag":[],"class_list":{"0":"post-53595","1":"product","2":"type-product","3":"status-publish","4":"has-post-thumbnail","6":"product_cat-funktions-kleidung-unterwegs-hundebekleidunghundewelt-funktions-kleidunghundewelt-hundebekleidung-hunde-x-mashundewelt-hundewelt","8":"first","9":"instock","10":"taxable","11":"shipping-taxable","12":"purchasable","13":"product-type-simple"},"_links":{"self":[{"href":"https:\/\/all-pets.de\/shop\/wp-json\/wp\/v2\/product\/53595","targetHints":{"allow":["GET"]}}],"collection":[{"href":"https:\/\/all-pets.de\/shop\/wp-json\/wp\/v2\/product"}],"about":[{"href":"https:\/\/all-pets.de\/shop\/wp-json\/wp\/v2\/types\/product"}],"replies":[{"embeddable":true,"href":"https:\/\/all-pets.de\/shop\/wp-json\/wp\/v2\/comments?post=53595"}],"wp:featuredmedia":[{"embeddable":true,"href":"https:\/\/all-pets.de\/shop\/wp-json\/wp\/v2\/media\/53596"}],"wp:attachment":[{"href":"https:\/\/all-pets.de\/shop\/wp-json\/wp\/v2\/media?parent=53595"}],"wp:term":[{"taxonomy":"product_cat","embeddable":true,"href":"https:\/\/all-pets.de\/shop\/wp-json\/wp\/v2\/product_cat?post=53595"},{"taxonomy":"product_tag","embeddable":true,"href":"https:\/\/all-pets.de\/shop\/wp-json\/wp\/v2\/product_tag?post=53595"}],"curies":[{"name":"wp","href":"https:\/\/api.w.org\/{rel}","templated":true}]}}