{"id":53601,"date":"2023-12-12T12:46:32","date_gmt":"2023-12-12T11:46:32","guid":{"rendered":"https:\/\/pet-shopping.de\/shop\/produkt\/karlie-flamingo-futterhaus-deluxe-saat-nuesse-l\/"},"modified":"2023-12-12T12:46:32","modified_gmt":"2023-12-12T11:46:32","slug":"karlie-flamingo-futterhaus-deluxe-saat-nuesse-l","status":"publish","type":"product","link":"https:\/\/all-pets.de\/shop\/produkt\/karlie-flamingo-futterhaus-deluxe-saat-nuesse-l\/","title":{"rendered":"Karlie Flamingo Futterhaus Deluxe Saat + N\u00fcsse &#8211; L"},"content":{"rendered":"<p>Der Vogelfutterautomat zum Aufh\u00e4ngen besitzt zwei getrennte Kammern f\u00fcr Satt und N\u00fcsse und bietet den V\u00f6geln in Ihrem Garten so ein ganzes Men\u00fc. das Futterhaus ist einfach und schnell zu Bef\u00fcllen.<\/p>\n<p>Ma\u00dfe: ca. 25 x 45 cm<\/p>\n","protected":false},"excerpt":{"rendered":"<p>Der Vogelfutterautomat zum Aufh\u00e4ngen besitzt zwei getrennte Kammern f\u00fcr Satt und N\u00fcsse und bietet den V\u00f6geln in Ihrem Garten so ein ganzes Men\u00fc. das Futterhaus ist einfach und schnell zu Bef\u00fcllen. Ma\u00dfe: ca. 25 x 45 cm<\/p>\n","protected":false},"featured_media":31518,"comment_status":"closed","ping_status":"open","template":"","meta":[],"product_cat":[15701],"product_tag":[],"class_list":{"0":"post-53601","1":"product","2":"type-product","3":"status-publish","4":"has-post-thumbnail","6":"product_cat-futterhaeuser-nistkaesten-futterautomatenvogelwelt","8":"first","9":"instock","10":"taxable","11":"shipping-taxable","12":"purchasable","13":"product-type-simple"},"_links":{"self":[{"href":"https:\/\/all-pets.de\/shop\/wp-json\/wp\/v2\/product\/53601","targetHints":{"allow":["GET"]}}],"collection":[{"href":"https:\/\/all-pets.de\/shop\/wp-json\/wp\/v2\/product"}],"about":[{"href":"https:\/\/all-pets.de\/shop\/wp-json\/wp\/v2\/types\/product"}],"replies":[{"embeddable":true,"href":"https:\/\/all-pets.de\/shop\/wp-json\/wp\/v2\/comments?post=53601"}],"wp:featuredmedia":[{"embeddable":true,"href":"https:\/\/all-pets.de\/shop\/wp-json\/wp\/v2\/media\/31518"}],"wp:attachment":[{"href":"https:\/\/all-pets.de\/shop\/wp-json\/wp\/v2\/media?parent=53601"}],"wp:term":[{"taxonomy":"product_cat","embeddable":true,"href":"https:\/\/all-pets.de\/shop\/wp-json\/wp\/v2\/product_cat?post=53601"},{"taxonomy":"product_tag","embeddable":true,"href":"https:\/\/all-pets.de\/shop\/wp-json\/wp\/v2\/product_tag?post=53601"}],"curies":[{"name":"wp","href":"https:\/\/api.w.org\/{rel}","templated":true}]}}