{"id":53605,"date":"2023-12-12T12:46:32","date_gmt":"2023-12-12T11:46:32","guid":{"rendered":"https:\/\/pet-shopping.de\/shop\/produkt\/trixie-katzentoilette-vico-easy-clean-blaugrau-weiss\/"},"modified":"2023-12-12T12:46:33","modified_gmt":"2023-12-12T11:46:33","slug":"trixie-katzentoilette-vico-easy-clean-blaugrau-weiss","status":"publish","type":"product","link":"https:\/\/all-pets.de\/shop\/produkt\/trixie-katzentoilette-vico-easy-clean-blaugrau-weiss\/","title":{"rendered":"Trixie Katzentoilette Vico Easy Clean &#8211; blaugrau\/wei\u00df"},"content":{"rendered":"<p>Die Katzentoilette Vico Easy Clean ist mit einer Haube best\u00fcckt, die durch ihre aufklappbare Front die Reinigung der Toilette erheblich vereinfacht.<\/p>\n<p>Au\u00dferdem im Lieferumfang enthalten sind eine Schaufel und ein Tragegriff, sowie ein Aktivkohlefilter, der unangenehme Ger\u00fcche neutralisiert. Das doppelte Randprofil verhindert das Austreten von Katzenstreu und -urin. Zum schnellen \u00d6ffnen und Verschlie\u00dfen ist die Toilette mit Easy Click-Verschl\u00fcssen best\u00fcckt.<\/p>\n<p>Ma\u00dfe: ca. 40 x 40 x 56 cm<br \/> Farbe: Blaugrau\/Wei\u00df<\/p>\n","protected":false},"excerpt":{"rendered":"<p>Die Katzentoilette Vico Easy Clean ist mit einer Haube best\u00fcckt, die durch ihre aufklappbare Front die Reinigung der Toilette erheblich vereinfacht. Au\u00dferdem im Lieferumfang enthalten sind eine Schaufel und ein Tragegriff, sowie ein Aktivkohlefilter, der unangenehme Ger\u00fcche neutralisiert. Das doppelte Randprofil verhindert das Austreten von Katzenstreu und -urin. Zum schnellen \u00d6ffnen und Verschlie\u00dfen ist die [&hellip;]<\/p>\n","protected":false},"featured_media":31539,"comment_status":"closed","ping_status":"open","template":"","meta":[],"product_cat":[13941],"product_tag":[],"class_list":{"0":"post-53605","1":"product","2":"type-product","3":"status-publish","4":"has-post-thumbnail","6":"product_cat-katzentoiletten","8":"first","9":"instock","10":"taxable","11":"shipping-taxable","12":"purchasable","13":"product-type-simple"},"_links":{"self":[{"href":"https:\/\/all-pets.de\/shop\/wp-json\/wp\/v2\/product\/53605","targetHints":{"allow":["GET"]}}],"collection":[{"href":"https:\/\/all-pets.de\/shop\/wp-json\/wp\/v2\/product"}],"about":[{"href":"https:\/\/all-pets.de\/shop\/wp-json\/wp\/v2\/types\/product"}],"replies":[{"embeddable":true,"href":"https:\/\/all-pets.de\/shop\/wp-json\/wp\/v2\/comments?post=53605"}],"wp:featuredmedia":[{"embeddable":true,"href":"https:\/\/all-pets.de\/shop\/wp-json\/wp\/v2\/media\/31539"}],"wp:attachment":[{"href":"https:\/\/all-pets.de\/shop\/wp-json\/wp\/v2\/media?parent=53605"}],"wp:term":[{"taxonomy":"product_cat","embeddable":true,"href":"https:\/\/all-pets.de\/shop\/wp-json\/wp\/v2\/product_cat?post=53605"},{"taxonomy":"product_tag","embeddable":true,"href":"https:\/\/all-pets.de\/shop\/wp-json\/wp\/v2\/product_tag?post=53605"}],"curies":[{"name":"wp","href":"https:\/\/api.w.org\/{rel}","templated":true}]}}