{"id":53607,"date":"2023-12-12T12:46:32","date_gmt":"2023-12-12T11:46:32","guid":{"rendered":"https:\/\/pet-shopping.de\/shop\/produkt\/karlie-flamingo-gentleman-wraps-plus-40-x-10-cm\/"},"modified":"2023-12-12T12:46:33","modified_gmt":"2023-12-12T11:46:33","slug":"karlie-flamingo-gentleman-wraps-plus-40-x-10-cm","status":"publish","type":"product","link":"https:\/\/all-pets.de\/shop\/produkt\/karlie-flamingo-gentleman-wraps-plus-40-x-10-cm\/","title":{"rendered":"Karlie Flamingo Gentleman Wraps Plus &#8211; 40 x 10 cm"},"content":{"rendered":"<p>Die Gentleman Wraps Plus k\u00f6nnen sowohl mit, als auch ohne Zwischenf\u00fctterung oder Sanit\u00e4rpads verwendet werden. Sie sind speziell f\u00fcr R\u00fcden und sind hilfreich bei Inkontinenz, chronischen Entz\u00fcndungen des Geschlechtsorgans und kontrolliertem Deckverhalten.<\/p>\n<p>Die Gentleman Wraps Plus haben eine komfortable und angenehme Passform und sind mit praktischem Klettverschluss zu verschlie\u00dfen. Waschbar bei 30\u00b0C.<\/p>\n<p>Farbe: Schwarz<br \/> L\u00e4nge: 40 cm \/ Breite: 10 cm<\/p>\n","protected":false},"excerpt":{"rendered":"<p>Die Gentleman Wraps Plus k\u00f6nnen sowohl mit, als auch ohne Zwischenf\u00fctterung oder Sanit\u00e4rpads verwendet werden. Sie sind speziell f\u00fcr R\u00fcden und sind hilfreich bei Inkontinenz, chronischen Entz\u00fcndungen des Geschlechtsorgans und kontrolliertem Deckverhalten. Die Gentleman Wraps Plus haben eine komfortable und angenehme Passform und sind mit praktischem Klettverschluss zu verschlie\u00dfen. Waschbar bei 30\u00b0C. Farbe: Schwarz L\u00e4nge: [&hellip;]<\/p>\n","protected":false},"featured_media":31588,"comment_status":"closed","ping_status":"open","template":"","meta":[],"product_cat":[15311],"product_tag":[],"class_list":{"0":"post-53607","1":"product","2":"type-product","3":"status-publish","4":"has-post-thumbnail","6":"product_cat-hundetoiletten-hygiene-pflege-gesundheit-hundewelt","8":"first","9":"instock","10":"taxable","11":"shipping-taxable","12":"purchasable","13":"product-type-simple"},"_links":{"self":[{"href":"https:\/\/all-pets.de\/shop\/wp-json\/wp\/v2\/product\/53607","targetHints":{"allow":["GET"]}}],"collection":[{"href":"https:\/\/all-pets.de\/shop\/wp-json\/wp\/v2\/product"}],"about":[{"href":"https:\/\/all-pets.de\/shop\/wp-json\/wp\/v2\/types\/product"}],"replies":[{"embeddable":true,"href":"https:\/\/all-pets.de\/shop\/wp-json\/wp\/v2\/comments?post=53607"}],"wp:featuredmedia":[{"embeddable":true,"href":"https:\/\/all-pets.de\/shop\/wp-json\/wp\/v2\/media\/31588"}],"wp:attachment":[{"href":"https:\/\/all-pets.de\/shop\/wp-json\/wp\/v2\/media?parent=53607"}],"wp:term":[{"taxonomy":"product_cat","embeddable":true,"href":"https:\/\/all-pets.de\/shop\/wp-json\/wp\/v2\/product_cat?post=53607"},{"taxonomy":"product_tag","embeddable":true,"href":"https:\/\/all-pets.de\/shop\/wp-json\/wp\/v2\/product_tag?post=53607"}],"curies":[{"name":"wp","href":"https:\/\/api.w.org\/{rel}","templated":true}]}}