{"id":53614,"date":"2023-12-12T12:46:34","date_gmt":"2023-12-12T11:46:34","guid":{"rendered":"https:\/\/pet-shopping.de\/shop\/produkt\/brit-care-cat-grain-free-sterilized-urinary-health-400g\/"},"modified":"2023-12-12T12:46:34","modified_gmt":"2023-12-12T11:46:34","slug":"brit-care-cat-grain-free-sterilized-urinary-health-400g","status":"publish","type":"product","link":"https:\/\/all-pets.de\/shop\/produkt\/brit-care-cat-grain-free-sterilized-urinary-health-400g\/","title":{"rendered":"Brit Care Cat Grain-Free &#8211; Sterilized &#8211; Urinary Health &#8211; 400g"},"content":{"rendered":"<\/p>\n<p>Alleinfuttermittel f\u00fcr erwachsene Katzen.<\/p>\n<p>Super Premium Trockennahrung f\u00fcr sterilisierte, erwachsene Katzen ab 12 Monate &#8211; tr\u00e4gt zum schutz des Nieren- und Harntraktes bei. Hypoallergene und getreidefreie Rezeptur. Reich an frischem Huhn &#038; Omega Fetts\u00e4uren. Reduzierter Energiegehalt, besonders geeignet f\u00fcr sterilisierte Katzen.<\/p>\n<p>Gesunde Harnwege<br \/>Sanddorn unterst\u00fctzt die Gesundheit von Nieren und Harnwegen. Der niedrige Gehalt an Magnesium und L-Methionin helfen, den optimalen Harn ph-Wert von 6,0-6,5 zu erhalten.<\/p>\n<p>Gesunde Verdauung &#038; Gewichtsregulierung<br \/>Die Rezeptur mit frischem, gut vertr\u00e4glichem H\u00fchnerfleisch ist leicht verdaulich und schont den Verdauungstrakt. L\u00f6sliche und unl\u00f6sliche Ballaststoffe unterst\u00fctzen eine gesunde, nat\u00fcrliche Gewichtsregulierung.<\/p>\n<p>Gesunde Darmflora &#038; starkes Immunsystem<br \/>Probiotika und Pr\u00e4biotika f\u00f6rdern eine gesunde Darmflora. Nat\u00fcrliche Antioxidantien sch\u00fctzen vor antioxidativem Stress und st\u00e4rken das Immunsystem. Taurin unterst\u00fctzt die Sehkraft und st\u00e4rkt die Herz- und Gehirnfunktion.<\/p>\n<p>Getreidefrei &#8211; KEINE Farbstoffe &#8211; KEINE Konservierungsstoffe &#8211; KEINE GMO &#8211; KEIN Soja.<\/p>\n<p>Zusammensetzung<br \/>frisches H\u00fchnerfleisch (26%), getrocknetes H\u00fchnerfleisch (26%), gelbe Erbsen (18%), Kichererbsen (8%), getrocknete \u00c4pfel (7%), Gefl\u00fcgelfett (mit Tocopherolen konserviert, 5%), Lachs\u00f6l (2%), H\u00fchnerleber, hydrolysiert (2%), Bierhefe (2%), Flohsamenschale und -kerne (1%), Leinsamen (1%), getrocknete Kapuzinerkresse (0.5%), getrocknete Kamille (0,5%), Mineralien, getrockneter Sanddorn (0,3%), getrocknete Preiselbeeren (0,2%), Fructo-Oligosaccharide (0,015%), Mannan-Oligosaccharide (0,015%), Mojave-Yucca (0,008%), Lactobacillus acidophilus HA &#8211; 122 inaktiviert (15&#215;109 Zellen\/kg).<\/p>\n<p>Analytische Bestandteile<br \/>Rohprotein 32,0 %, Rohfett 13,0 %, Rohfaser 3,5 %, Rohasche 9,0 %, Feuchtigkeit 10,0 %, Omega-3 0,3 %, Omega-6 1,5 %, Kalzium 0,8 %, Phosphor 0,7 %, Natrium 1,0 %, Magnesium 0,04 %.<\/p>\n<p>Ern\u00e4hrungsphysiologische Zusatzstoffe pro 1 KG<br \/>Vitamin A (3a672a) 20 000 I.E., Vitamin D3 (E671) 800 I.E., Vitamin E (3a700) 600 mg, Vitamin C (3a312) 300 mg, Taurin (3a370) 2 500 mg, L-Carnitin (3a910) 100 mg, Cholinchlorid (3a890) 2 500 mg, Biotin (3a880) 2 mg, Vitamin B1 (3a821) 10 mg, Vitamin B2 12 mg, Niacinamid (3a315) 50 mg, Calcium-D-Pantothenat (3a841) 40 mg, Vitamin B6 (3a831) 10 mg, Fols\u00e4ure (3a316) 2 mg, Vitamin B12 0.04 mg, Zink (3b606) 120 mg, Eisen (3b106) 45 mg, Mangan (3b504) 55 mg, Kaliumjodid (3b201) 4 mg, Kupfer (3b406) 10 mg, Selen (3b8.10) 0,2 mg, L-Methionin (3c305) 4 000 mg.<\/p>\n<p>Umsetzbare Energie<br \/>3.590 kcal\/kg.<\/p>\n<p>Gewicht der Katze (kg) \/ Menge (g\/Tag) <\/p>\n<p>2\u20133 \/ 40\u201355<br \/>3\u20135 \/ 55\u201375<br \/>5\u20137 \/ 75\u201385<br \/>7\u20139 \/ 85\u201395<\/p>\n","protected":false},"excerpt":{"rendered":"<p>Alleinfuttermittel f\u00fcr erwachsene Katzen. Super Premium Trockennahrung f\u00fcr sterilisierte, erwachsene Katzen ab 12 Monate &#8211; tr\u00e4gt zum schutz des Nieren- und Harntraktes bei. Hypoallergene und getreidefreie Rezeptur. Reich an frischem Huhn &#038; Omega Fetts\u00e4uren. Reduzierter Energiegehalt, besonders geeignet f\u00fcr sterilisierte Katzen. Gesunde HarnwegeSanddorn unterst\u00fctzt die Gesundheit von Nieren und Harnwegen. Der niedrige Gehalt an Magnesium [&hellip;]<\/p>\n","protected":false},"featured_media":53615,"comment_status":"closed","ping_status":"open","template":"","meta":[],"product_cat":[15511],"product_tag":[],"class_list":{"0":"post-53614","1":"product","2":"type-product","3":"status-publish","4":"has-post-thumbnail","6":"product_cat-brit-care-cat-katzen-trockenfutter","8":"first","9":"instock","10":"taxable","11":"shipping-taxable","12":"purchasable","13":"product-type-simple"},"_links":{"self":[{"href":"https:\/\/all-pets.de\/shop\/wp-json\/wp\/v2\/product\/53614","targetHints":{"allow":["GET"]}}],"collection":[{"href":"https:\/\/all-pets.de\/shop\/wp-json\/wp\/v2\/product"}],"about":[{"href":"https:\/\/all-pets.de\/shop\/wp-json\/wp\/v2\/types\/product"}],"replies":[{"embeddable":true,"href":"https:\/\/all-pets.de\/shop\/wp-json\/wp\/v2\/comments?post=53614"}],"wp:featuredmedia":[{"embeddable":true,"href":"https:\/\/all-pets.de\/shop\/wp-json\/wp\/v2\/media\/53615"}],"wp:attachment":[{"href":"https:\/\/all-pets.de\/shop\/wp-json\/wp\/v2\/media?parent=53614"}],"wp:term":[{"taxonomy":"product_cat","embeddable":true,"href":"https:\/\/all-pets.de\/shop\/wp-json\/wp\/v2\/product_cat?post=53614"},{"taxonomy":"product_tag","embeddable":true,"href":"https:\/\/all-pets.de\/shop\/wp-json\/wp\/v2\/product_tag?post=53614"}],"curies":[{"name":"wp","href":"https:\/\/api.w.org\/{rel}","templated":true}]}}