{"id":53625,"date":"2023-12-12T12:46:35","date_gmt":"2023-12-12T11:46:35","guid":{"rendered":"https:\/\/pet-shopping.de\/shop\/produkt\/trixie-be-nordic-liegematte-foehr-schwarz-70-x-55-cm\/"},"modified":"2023-12-12T12:46:36","modified_gmt":"2023-12-12T11:46:36","slug":"trixie-be-nordic-liegematte-foehr-schwarz-70-x-55-cm","status":"publish","type":"product","link":"https:\/\/all-pets.de\/shop\/produkt\/trixie-be-nordic-liegematte-foehr-schwarz-70-x-55-cm\/","title":{"rendered":"Trixie BE NORDIC Liegematte F\u00f6hr &#8211; schwarz &#8211; 70 \u00d7 55 cm"},"content":{"rendered":"<div class=\"mb-3 row\">\n<div class=\"col\">\n<div class=\"description\">\n<ul>\n<li>Canvas-Haptik<\/li>\n<li>Baumwoll-\/Polyester-Bezug<\/li>\n<li>Polyestervlies-F\u00fcllung, 3 cm<\/li>\n<li>robust und hochwertig<\/li>\n<li>rutschfester Boden<\/li>\n<li>hergestellt in der EU<\/li>\n<li>Handw\u00e4sche<\/li>\n<li>Farbe: schwarz<\/li>\n<li>Ma\u00dfe: ca. 70 \u00d7 55 cm<\/li>\n<\/ul>\n<div class=\"infotextWrap\">Aus dem Verkauf der Serie unterst\u00fctzt TRIXIE Meeresschutzprojekte und leistet damit einen Beitrag zum Natur- und Artenschutz.<\/div>\n<\/div>\n<\/div>\n<\/div>\n","protected":false},"excerpt":{"rendered":"<p>Canvas-Haptik Baumwoll-\/Polyester-Bezug Polyestervlies-F\u00fcllung, 3 cm robust und hochwertig rutschfester Boden hergestellt in der EU Handw\u00e4sche Farbe: schwarz Ma\u00dfe: ca. 70 \u00d7 55 cm Aus dem Verkauf der Serie unterst\u00fctzt TRIXIE Meeresschutzprojekte und leistet damit einen Beitrag zum Natur- und Artenschutz.<\/p>\n","protected":false},"featured_media":53626,"comment_status":"closed","ping_status":"open","template":"","meta":[],"product_cat":[15362],"product_tag":[],"class_list":{"0":"post-53625","1":"product","2":"type-product","3":"status-publish","4":"has-post-thumbnail","6":"product_cat-neue-hundeartikel-hundebetten-hundekissenhundewelt","8":"first","9":"instock","10":"taxable","11":"shipping-taxable","12":"purchasable","13":"product-type-simple"},"_links":{"self":[{"href":"https:\/\/all-pets.de\/shop\/wp-json\/wp\/v2\/product\/53625","targetHints":{"allow":["GET"]}}],"collection":[{"href":"https:\/\/all-pets.de\/shop\/wp-json\/wp\/v2\/product"}],"about":[{"href":"https:\/\/all-pets.de\/shop\/wp-json\/wp\/v2\/types\/product"}],"replies":[{"embeddable":true,"href":"https:\/\/all-pets.de\/shop\/wp-json\/wp\/v2\/comments?post=53625"}],"wp:featuredmedia":[{"embeddable":true,"href":"https:\/\/all-pets.de\/shop\/wp-json\/wp\/v2\/media\/53626"}],"wp:attachment":[{"href":"https:\/\/all-pets.de\/shop\/wp-json\/wp\/v2\/media?parent=53625"}],"wp:term":[{"taxonomy":"product_cat","embeddable":true,"href":"https:\/\/all-pets.de\/shop\/wp-json\/wp\/v2\/product_cat?post=53625"},{"taxonomy":"product_tag","embeddable":true,"href":"https:\/\/all-pets.de\/shop\/wp-json\/wp\/v2\/product_tag?post=53625"}],"curies":[{"name":"wp","href":"https:\/\/api.w.org\/{rel}","templated":true}]}}