{"id":53641,"date":"2023-12-12T12:46:38","date_gmt":"2023-12-12T11:46:38","guid":{"rendered":"https:\/\/pet-shopping.de\/shop\/produkt\/trixie-night-reflect-halsband-30-40-cm-20-mm\/"},"modified":"2023-12-12T12:46:40","modified_gmt":"2023-12-12T11:46:40","slug":"trixie-night-reflect-halsband-30-40-cm-20-mm","status":"publish","type":"product","link":"https:\/\/all-pets.de\/shop\/produkt\/trixie-night-reflect-halsband-30-40-cm-20-mm\/","title":{"rendered":"Trixie Night Reflect Halsband &#8211; 30-40 cm\/20 mm"},"content":{"rendered":"<ul>\n<li>Oberseite: Gurtband\/Unterseite: Kunstleder<\/li>\n<li>stark reflektierend<\/li>\n<li>D-Ring-Position erm\u00f6glicht kehlkopfschonendes Anleinen<\/li>\n<li>Farbe: schwarz<\/li>\n<li>Gr\u00f6\u00dfe: S-M<\/li>\n<li>Halsumfang: ca. 30-40 cm<\/li>\n<li>Breite: 20 mm<\/li>\n<\/ul>\n","protected":false},"excerpt":{"rendered":"<p>Oberseite: Gurtband\/Unterseite: Kunstleder stark reflektierend D-Ring-Position erm\u00f6glicht kehlkopfschonendes Anleinen Farbe: schwarz Gr\u00f6\u00dfe: S-M Halsumfang: ca. 30-40 cm Breite: 20 mm<\/p>\n","protected":false},"featured_media":53642,"comment_status":"closed","ping_status":"open","template":"","meta":[],"product_cat":[15529],"product_tag":[],"class_list":{"0":"post-53641","1":"product","2":"type-product","3":"status-publish","4":"has-post-thumbnail","6":"product_cat-reflektierend-halsbaender-leinen-nylonhalsbaenderhundewelt","8":"first","9":"instock","10":"taxable","11":"shipping-taxable","12":"purchasable","13":"product-type-simple"},"_links":{"self":[{"href":"https:\/\/all-pets.de\/shop\/wp-json\/wp\/v2\/product\/53641","targetHints":{"allow":["GET"]}}],"collection":[{"href":"https:\/\/all-pets.de\/shop\/wp-json\/wp\/v2\/product"}],"about":[{"href":"https:\/\/all-pets.de\/shop\/wp-json\/wp\/v2\/types\/product"}],"replies":[{"embeddable":true,"href":"https:\/\/all-pets.de\/shop\/wp-json\/wp\/v2\/comments?post=53641"}],"wp:featuredmedia":[{"embeddable":true,"href":"https:\/\/all-pets.de\/shop\/wp-json\/wp\/v2\/media\/53642"}],"wp:attachment":[{"href":"https:\/\/all-pets.de\/shop\/wp-json\/wp\/v2\/media?parent=53641"}],"wp:term":[{"taxonomy":"product_cat","embeddable":true,"href":"https:\/\/all-pets.de\/shop\/wp-json\/wp\/v2\/product_cat?post=53641"},{"taxonomy":"product_tag","embeddable":true,"href":"https:\/\/all-pets.de\/shop\/wp-json\/wp\/v2\/product_tag?post=53641"}],"curies":[{"name":"wp","href":"https:\/\/api.w.org\/{rel}","templated":true}]}}