{"id":53651,"date":"2023-12-12T12:46:38","date_gmt":"2023-12-12T11:46:38","guid":{"rendered":"https:\/\/pet-shopping.de\/shop\/produkt\/karlie-heuraufe-hopper-verchromt-13x12x19cm\/"},"modified":"2023-12-12T12:46:41","modified_gmt":"2023-12-12T11:46:41","slug":"karlie-heuraufe-hopper-verchromt-13x12x19cm","status":"publish","type":"product","link":"https:\/\/all-pets.de\/shop\/produkt\/karlie-heuraufe-hopper-verchromt-13x12x19cm\/","title":{"rendered":"Karlie Heuraufe Hopper verchromt &#8211; 13x12x19cm"},"content":{"rendered":"<p>Verchromte Futterraufe in tiergerechter Ausf\u00fchrung. Zum Bef\u00fcllen mit Heu, Gem\u00fcse, Obst, &#8230;. So wird vermieden, dass das Futter durch Urin oder Kot verunreinigt wird. Die Raufe kann einfach ins den K\u00e4figgitter eingeh\u00e4ngt werden.<\/p>\n<p>Ma\u00dfe: ca. 13 x 12 x 19 cm (LxBxH)<\/p>\n","protected":false},"excerpt":{"rendered":"<p>Verchromte Futterraufe in tiergerechter Ausf\u00fchrung. Zum Bef\u00fcllen mit Heu, Gem\u00fcse, Obst, &#8230;. So wird vermieden, dass das Futter durch Urin oder Kot verunreinigt wird. Die Raufe kann einfach ins den K\u00e4figgitter eingeh\u00e4ngt werden. Ma\u00dfe: ca. 13 x 12 x 19 cm (LxBxH)<\/p>\n","protected":false},"featured_media":31672,"comment_status":"closed","ping_status":"open","template":"","meta":[],"product_cat":[13722],"product_tag":[],"class_list":{"0":"post-53651","1":"product","2":"type-product","3":"status-publish","4":"has-post-thumbnail","6":"product_cat-heuraufen","8":"first","9":"instock","10":"taxable","11":"shipping-taxable","12":"purchasable","13":"product-type-simple"},"_links":{"self":[{"href":"https:\/\/all-pets.de\/shop\/wp-json\/wp\/v2\/product\/53651","targetHints":{"allow":["GET"]}}],"collection":[{"href":"https:\/\/all-pets.de\/shop\/wp-json\/wp\/v2\/product"}],"about":[{"href":"https:\/\/all-pets.de\/shop\/wp-json\/wp\/v2\/types\/product"}],"replies":[{"embeddable":true,"href":"https:\/\/all-pets.de\/shop\/wp-json\/wp\/v2\/comments?post=53651"}],"wp:featuredmedia":[{"embeddable":true,"href":"https:\/\/all-pets.de\/shop\/wp-json\/wp\/v2\/media\/31672"}],"wp:attachment":[{"href":"https:\/\/all-pets.de\/shop\/wp-json\/wp\/v2\/media?parent=53651"}],"wp:term":[{"taxonomy":"product_cat","embeddable":true,"href":"https:\/\/all-pets.de\/shop\/wp-json\/wp\/v2\/product_cat?post=53651"},{"taxonomy":"product_tag","embeddable":true,"href":"https:\/\/all-pets.de\/shop\/wp-json\/wp\/v2\/product_tag?post=53651"}],"curies":[{"name":"wp","href":"https:\/\/api.w.org\/{rel}","templated":true}]}}