{"id":53662,"date":"2023-12-12T12:46:42","date_gmt":"2023-12-12T11:46:42","guid":{"rendered":"https:\/\/pet-shopping.de\/shop\/produkt\/ebi-coockoo-loomy-spielangel-blau\/"},"modified":"2023-12-12T12:46:44","modified_gmt":"2023-12-12T11:46:44","slug":"ebi-coockoo-loomy-spielangel-blau","status":"publish","type":"product","link":"https:\/\/all-pets.de\/shop\/produkt\/ebi-coockoo-loomy-spielangel-blau\/","title":{"rendered":"EBI Coockoo Loomy Spielangel &#8211; blau"},"content":{"rendered":"<p> Regen Sie den nat\u00fcrlichen Jagdinstinkt beim Spielen mit Ihrer Katze an. Die Angelrute Coockoo Loomy sieht mit ihren bunten Federn und dem Pl\u00fcsch nicht nur sch\u00f6n aus, sie weckt auch den Ur-Instinkt Ihrer Katze. Ein eingebautes Licht sorgt f\u00fcr besonders viel Spielspa\u00df.<\/p>\n<div class=\"productDetailSpecification specificationColor2 fontScalingMobile\">&#8211; Lustiges, strapazierf\u00e4higes Design<\/div>\n<div class=\"productDetailSpecification specificationColor2 fontScalingMobile\">&#8211; Mit roter LED-Beleuchtung<\/div>\n<div class=\"productDetailSpecification specificationColor2 fontScalingMobile\">&#8211; Farbenfroher Pl\u00fcsch und Federn<\/div>\n<div class=\"productDetailSpecification specificationColor2 fontScalingMobile\">&#8211; Regt Jagdinstinkt an<\/div>\n<div class=\"productDetailSpecification specificationColor2 fontScalingMobile\">&#8211; Batterie mitgeliefert<br \/> &#8211; 80 cm<\/p>\n<p>Farbe: blau<\/p><\/div>\n","protected":false},"excerpt":{"rendered":"<p>Regen Sie den nat\u00fcrlichen Jagdinstinkt beim Spielen mit Ihrer Katze an. Die Angelrute Coockoo Loomy sieht mit ihren bunten Federn und dem Pl\u00fcsch nicht nur sch\u00f6n aus, sie weckt auch den Ur-Instinkt Ihrer Katze. Ein eingebautes Licht sorgt f\u00fcr besonders viel Spielspa\u00df. &#8211; Lustiges, strapazierf\u00e4higes Design &#8211; Mit roter LED-Beleuchtung &#8211; Farbenfroher Pl\u00fcsch und Federn [&hellip;]<\/p>\n","protected":false},"featured_media":31705,"comment_status":"closed","ping_status":"open","template":"","meta":[],"product_cat":[13881],"product_tag":[],"class_list":{"0":"post-53662","1":"product","2":"type-product","3":"status-publish","4":"has-post-thumbnail","6":"product_cat-katzenspielangeln-co-katzenspielzeug","8":"first","9":"instock","10":"taxable","11":"shipping-taxable","12":"purchasable","13":"product-type-simple"},"_links":{"self":[{"href":"https:\/\/all-pets.de\/shop\/wp-json\/wp\/v2\/product\/53662","targetHints":{"allow":["GET"]}}],"collection":[{"href":"https:\/\/all-pets.de\/shop\/wp-json\/wp\/v2\/product"}],"about":[{"href":"https:\/\/all-pets.de\/shop\/wp-json\/wp\/v2\/types\/product"}],"replies":[{"embeddable":true,"href":"https:\/\/all-pets.de\/shop\/wp-json\/wp\/v2\/comments?post=53662"}],"wp:featuredmedia":[{"embeddable":true,"href":"https:\/\/all-pets.de\/shop\/wp-json\/wp\/v2\/media\/31705"}],"wp:attachment":[{"href":"https:\/\/all-pets.de\/shop\/wp-json\/wp\/v2\/media?parent=53662"}],"wp:term":[{"taxonomy":"product_cat","embeddable":true,"href":"https:\/\/all-pets.de\/shop\/wp-json\/wp\/v2\/product_cat?post=53662"},{"taxonomy":"product_tag","embeddable":true,"href":"https:\/\/all-pets.de\/shop\/wp-json\/wp\/v2\/product_tag?post=53662"}],"curies":[{"name":"wp","href":"https:\/\/api.w.org\/{rel}","templated":true}]}}