{"id":53671,"date":"2023-12-12T12:46:46","date_gmt":"2023-12-12T11:46:46","guid":{"rendered":"https:\/\/pet-shopping.de\/shop\/produkt\/karlie-kissen-track-oval-beige-120-x-84-cm\/"},"modified":"2023-12-12T12:46:46","modified_gmt":"2023-12-12T11:46:46","slug":"karlie-kissen-track-oval-beige-120-x-84-cm","status":"publish","type":"product","link":"https:\/\/all-pets.de\/shop\/produkt\/karlie-kissen-track-oval-beige-120-x-84-cm\/","title":{"rendered":"Karlie Kissen Track oval &#8211; beige &#8211; 120 x 84 cm"},"content":{"rendered":"<p>Auf dem klassischen Hundekissen Track l\u00e4sst es sich ganz entspanntschlafen! <\/p>\n<p>Das Kissen in ovaler Form ist aus weichem Pl\u00fcsch gefertigt und besonders kuschelig. Ein Pfotenmotiv wahlweise auf beigem oder grauemGrund gibt dem Kissen eine sch\u00f6ne Optik. Der Bezug hat einenRei\u00dfverschluss und l\u00e4sst sich bei 30\u00b0C waschen.<\/p>\n<p>Farbe: Beige mit Pfoten<br \/>Gr\u00f6\u00dfe: ca. 120 x 84 x 4 cm<\/p>\n","protected":false},"excerpt":{"rendered":"<p>Auf dem klassischen Hundekissen Track l\u00e4sst es sich ganz entspanntschlafen! Das Kissen in ovaler Form ist aus weichem Pl\u00fcsch gefertigt und besonders kuschelig. Ein Pfotenmotiv wahlweise auf beigem oder grauemGrund gibt dem Kissen eine sch\u00f6ne Optik. Der Bezug hat einenRei\u00dfverschluss und l\u00e4sst sich bei 30\u00b0C waschen. Farbe: Beige mit PfotenGr\u00f6\u00dfe: ca. 120 x 84 x [&hellip;]<\/p>\n","protected":false},"featured_media":31871,"comment_status":"closed","ping_status":"open","template":"","meta":[],"product_cat":[15113],"product_tag":[],"class_list":{"0":"post-53671","1":"product","2":"type-product","3":"status-publish","4":"has-post-thumbnail","6":"product_cat-hundebetten-hundekissen-betten-koerbe","8":"first","9":"instock","10":"taxable","11":"shipping-taxable","12":"purchasable","13":"product-type-simple"},"_links":{"self":[{"href":"https:\/\/all-pets.de\/shop\/wp-json\/wp\/v2\/product\/53671","targetHints":{"allow":["GET"]}}],"collection":[{"href":"https:\/\/all-pets.de\/shop\/wp-json\/wp\/v2\/product"}],"about":[{"href":"https:\/\/all-pets.de\/shop\/wp-json\/wp\/v2\/types\/product"}],"replies":[{"embeddable":true,"href":"https:\/\/all-pets.de\/shop\/wp-json\/wp\/v2\/comments?post=53671"}],"wp:featuredmedia":[{"embeddable":true,"href":"https:\/\/all-pets.de\/shop\/wp-json\/wp\/v2\/media\/31871"}],"wp:attachment":[{"href":"https:\/\/all-pets.de\/shop\/wp-json\/wp\/v2\/media?parent=53671"}],"wp:term":[{"taxonomy":"product_cat","embeddable":true,"href":"https:\/\/all-pets.de\/shop\/wp-json\/wp\/v2\/product_cat?post=53671"},{"taxonomy":"product_tag","embeddable":true,"href":"https:\/\/all-pets.de\/shop\/wp-json\/wp\/v2\/product_tag?post=53671"}],"curies":[{"name":"wp","href":"https:\/\/api.w.org\/{rel}","templated":true}]}}