{"id":53675,"date":"2023-12-12T12:46:46","date_gmt":"2023-12-12T11:46:46","guid":{"rendered":"https:\/\/pet-shopping.de\/shop\/produkt\/trixie-nistkasten-fuer-hoehlenbrueter-fuer-z-b-kleiber-kohlmeisen\/"},"modified":"2023-12-12T12:46:47","modified_gmt":"2023-12-12T11:46:47","slug":"trixie-nistkasten-fuer-hoehlenbrueter-fuer-z-b-kleiber-kohlmeisen","status":"publish","type":"product","link":"https:\/\/all-pets.de\/shop\/produkt\/trixie-nistkasten-fuer-hoehlenbrueter-fuer-z-b-kleiber-kohlmeisen\/","title":{"rendered":"Trixie Nistkasten f\u00fcr H\u00f6hlenbr\u00fcter &#8211; f\u00fcr z. B.: Kleiber, Kohlmeisen"},"content":{"rendered":"<ul>\n<li>mit aufklappbarer Seitenwand<\/li>\n<li>mit besandeter Dachpappe<\/li>\n<li>Kiefernholz, unbehandelt<\/li>\n<li>wetterfest<\/li>\n<li>Ma\u00dfe: ca. 25 \u00d7 40 \u00d7 22 cm<\/li>\n<li>Eingang: ca. 3,4 cm Durchmesser<\/li>\n<li>f\u00fcr z. B.: Kleiber, Kohlmeisen<\/li>\n<\/ul>\n","protected":false},"excerpt":{"rendered":"<p>mit aufklappbarer Seitenwand mit besandeter Dachpappe Kiefernholz, unbehandelt wetterfest Ma\u00dfe: ca. 25 \u00d7 40 \u00d7 22 cm Eingang: ca. 3,4 cm Durchmesser f\u00fcr z. B.: Kleiber, Kohlmeisen<\/p>\n","protected":false},"featured_media":53673,"comment_status":"closed","ping_status":"open","template":"","meta":[],"product_cat":[13813],"product_tag":[],"class_list":{"0":"post-53675","1":"product","2":"type-product","3":"status-publish","4":"has-post-thumbnail","6":"product_cat-futterhaeuser-nistkaesten","8":"first","9":"instock","10":"taxable","11":"shipping-taxable","12":"purchasable","13":"product-type-simple"},"_links":{"self":[{"href":"https:\/\/all-pets.de\/shop\/wp-json\/wp\/v2\/product\/53675","targetHints":{"allow":["GET"]}}],"collection":[{"href":"https:\/\/all-pets.de\/shop\/wp-json\/wp\/v2\/product"}],"about":[{"href":"https:\/\/all-pets.de\/shop\/wp-json\/wp\/v2\/types\/product"}],"replies":[{"embeddable":true,"href":"https:\/\/all-pets.de\/shop\/wp-json\/wp\/v2\/comments?post=53675"}],"wp:featuredmedia":[{"embeddable":true,"href":"https:\/\/all-pets.de\/shop\/wp-json\/wp\/v2\/media\/53673"}],"wp:attachment":[{"href":"https:\/\/all-pets.de\/shop\/wp-json\/wp\/v2\/media?parent=53675"}],"wp:term":[{"taxonomy":"product_cat","embeddable":true,"href":"https:\/\/all-pets.de\/shop\/wp-json\/wp\/v2\/product_cat?post=53675"},{"taxonomy":"product_tag","embeddable":true,"href":"https:\/\/all-pets.de\/shop\/wp-json\/wp\/v2\/product_tag?post=53675"}],"curies":[{"name":"wp","href":"https:\/\/api.w.org\/{rel}","templated":true}]}}