{"id":53685,"date":"2023-12-12T12:46:48","date_gmt":"2023-12-12T11:46:48","guid":{"rendered":"https:\/\/pet-shopping.de\/shop\/produkt\/k-nite-dog-reflective-jacket-s\/"},"modified":"2023-12-12T12:46:49","modified_gmt":"2023-12-12T11:46:49","slug":"k-nite-dog-reflective-jacket-s","status":"publish","type":"product","link":"https:\/\/all-pets.de\/shop\/produkt\/k-nite-dog-reflective-jacket-s\/","title":{"rendered":"K-Nite Dog Reflective Jacket &#8211; S"},"content":{"rendered":"<p>Sicherheit geht immer vor! Und mit der K-Nite Reflektierenden Warnweste k\u00f6nnen sie auch noch im Dunkeln mit ihrem treuen Vierbeiner sicher herumtollen und spazieren gehen! Durch seine stark reflektierende Oberfl\u00e4che ist Ihr Hund nicht mehr zu \u00fcbersehen! <\/p>\n<p>Gr\u00f6\u00dfe S<br \/> Halsumfang: 25-27 cm<br \/> Bauchumfang: 30-36 cm<br \/> R\u00fcckenl\u00e4nge: 25 cm<\/p>\n","protected":false},"excerpt":{"rendered":"<p>Sicherheit geht immer vor! Und mit der K-Nite Reflektierenden Warnweste k\u00f6nnen sie auch noch im Dunkeln mit ihrem treuen Vierbeiner sicher herumtollen und spazieren gehen! Durch seine stark reflektierende Oberfl\u00e4che ist Ihr Hund nicht mehr zu \u00fcbersehen! Gr\u00f6\u00dfe S Halsumfang: 25-27 cm Bauchumfang: 30-36 cm R\u00fcckenl\u00e4nge: 25 cm<\/p>\n","protected":false},"featured_media":31903,"comment_status":"closed","ping_status":"open","template":"","meta":[],"product_cat":[15703],"product_tag":[],"class_list":{"0":"post-53685","1":"product","2":"type-product","3":"status-publish","4":"has-post-thumbnail","6":"product_cat-sicherheit-unterwegs","8":"first","9":"instock","10":"taxable","11":"shipping-taxable","12":"purchasable","13":"product-type-simple"},"_links":{"self":[{"href":"https:\/\/all-pets.de\/shop\/wp-json\/wp\/v2\/product\/53685","targetHints":{"allow":["GET"]}}],"collection":[{"href":"https:\/\/all-pets.de\/shop\/wp-json\/wp\/v2\/product"}],"about":[{"href":"https:\/\/all-pets.de\/shop\/wp-json\/wp\/v2\/types\/product"}],"replies":[{"embeddable":true,"href":"https:\/\/all-pets.de\/shop\/wp-json\/wp\/v2\/comments?post=53685"}],"wp:featuredmedia":[{"embeddable":true,"href":"https:\/\/all-pets.de\/shop\/wp-json\/wp\/v2\/media\/31903"}],"wp:attachment":[{"href":"https:\/\/all-pets.de\/shop\/wp-json\/wp\/v2\/media?parent=53685"}],"wp:term":[{"taxonomy":"product_cat","embeddable":true,"href":"https:\/\/all-pets.de\/shop\/wp-json\/wp\/v2\/product_cat?post=53685"},{"taxonomy":"product_tag","embeddable":true,"href":"https:\/\/all-pets.de\/shop\/wp-json\/wp\/v2\/product_tag?post=53685"}],"curies":[{"name":"wp","href":"https:\/\/api.w.org\/{rel}","templated":true}]}}