{"id":53693,"date":"2023-12-12T12:46:50","date_gmt":"2023-12-12T11:46:50","guid":{"rendered":"https:\/\/pet-shopping.de\/shop\/produkt\/karlie-latexspielzeug-dino-pink\/"},"modified":"2023-12-12T12:46:50","modified_gmt":"2023-12-12T11:46:50","slug":"karlie-latexspielzeug-dino-pink","status":"publish","type":"product","link":"https:\/\/all-pets.de\/shop\/produkt\/karlie-latexspielzeug-dino-pink\/","title":{"rendered":"Karlie Latexspielzeug Dino &#8211; pink"},"content":{"rendered":"<div class=\"data item content\" id=\"product.info.description\" data-role=\"content\" aria-labelledby=\"tab-label-product.info.description\" role=\"tabpanel\" aria-hidden=\"false\">\n<div class=\"product attribute description\">\n<div class=\"value\">\n<p>Die Dinosaurier sind ein tolles Spielzeug zum Apportieren. Die Tierfiguren sind aus Latex gefertigt und haben eine F\u00fcllung aus Polyestervlies. Diese garantiert eine gute Formstabilit\u00e4t. Das Latexmaterial ist angenehm weich und dennoch robust. Ein integrierter Squeaker sorgt f\u00fcr noch mehr Spielspa\u00df. Erh\u00e4ltlich in drei Farben.<\/p>\n<p>Gr\u00f6\u00dfe: ca. 21 x 6 x 15 cm<br \/> Farbe: pink<\/p>\n<\/div>\n<\/div>\n<\/div>\n","protected":false},"excerpt":{"rendered":"<p>Die Dinosaurier sind ein tolles Spielzeug zum Apportieren. Die Tierfiguren sind aus Latex gefertigt und haben eine F\u00fcllung aus Polyestervlies. Diese garantiert eine gute Formstabilit\u00e4t. Das Latexmaterial ist angenehm weich und dennoch robust. Ein integrierter Squeaker sorgt f\u00fcr noch mehr Spielspa\u00df. Erh\u00e4ltlich in drei Farben. Gr\u00f6\u00dfe: ca. 21 x 6 x 15 cm Farbe: pink<\/p>\n","protected":false},"featured_media":31922,"comment_status":"closed","ping_status":"open","template":"","meta":[],"product_cat":[13748],"product_tag":[],"class_list":{"0":"post-53693","1":"product","2":"type-product","3":"status-publish","4":"has-post-thumbnail","6":"product_cat-squeeker","8":"first","9":"instock","10":"taxable","11":"shipping-taxable","12":"purchasable","13":"product-type-simple"},"_links":{"self":[{"href":"https:\/\/all-pets.de\/shop\/wp-json\/wp\/v2\/product\/53693","targetHints":{"allow":["GET"]}}],"collection":[{"href":"https:\/\/all-pets.de\/shop\/wp-json\/wp\/v2\/product"}],"about":[{"href":"https:\/\/all-pets.de\/shop\/wp-json\/wp\/v2\/types\/product"}],"replies":[{"embeddable":true,"href":"https:\/\/all-pets.de\/shop\/wp-json\/wp\/v2\/comments?post=53693"}],"wp:featuredmedia":[{"embeddable":true,"href":"https:\/\/all-pets.de\/shop\/wp-json\/wp\/v2\/media\/31922"}],"wp:attachment":[{"href":"https:\/\/all-pets.de\/shop\/wp-json\/wp\/v2\/media?parent=53693"}],"wp:term":[{"taxonomy":"product_cat","embeddable":true,"href":"https:\/\/all-pets.de\/shop\/wp-json\/wp\/v2\/product_cat?post=53693"},{"taxonomy":"product_tag","embeddable":true,"href":"https:\/\/all-pets.de\/shop\/wp-json\/wp\/v2\/product_tag?post=53693"}],"curies":[{"name":"wp","href":"https:\/\/api.w.org\/{rel}","templated":true}]}}