{"id":53699,"date":"2023-12-12T12:46:50","date_gmt":"2023-12-12T11:46:50","guid":{"rendered":"https:\/\/pet-shopping.de\/shop\/produkt\/karlie-art-buffalo-fuehrleine-lila-200cm-18mm\/"},"modified":"2023-12-12T12:46:51","modified_gmt":"2023-12-12T11:46:51","slug":"karlie-art-buffalo-fuehrleine-lila-200cm-18mm","status":"publish","type":"product","link":"https:\/\/all-pets.de\/shop\/produkt\/karlie-art-buffalo-fuehrleine-lila-200cm-18mm\/","title":{"rendered":"Karlie Art Buffalo F\u00fchrleine &#8211; Lila \/ 200cm, 18mm"},"content":{"rendered":"<p>Die Art Buffalo Deco Reihe umfasst Halsb\u00e4nder und Leinen aus supersoftem Kunstleder.<\/p>\n<p>Sie sind weich unterlegt f\u00fcr besten Tragekomfort, gen\u00e4ht und mit verchromten Beschl\u00e4gen versehen. Die F\u00fchrleinen sind 3-fach verstellbar.<\/p>\n<p>Farbe: Lila<\/p>\n<p>L\u00e4nge: ca. 200 cm<\/p>\n<p>Breite: ca. 18 mm<\/p>\n","protected":false},"excerpt":{"rendered":"<p>Die Art Buffalo Deco Reihe umfasst Halsb\u00e4nder und Leinen aus supersoftem Kunstleder. Sie sind weich unterlegt f\u00fcr besten Tragekomfort, gen\u00e4ht und mit verchromten Beschl\u00e4gen versehen. Die F\u00fchrleinen sind 3-fach verstellbar. Farbe: Lila L\u00e4nge: ca. 200 cm Breite: ca. 18 mm<\/p>\n","protected":false},"featured_media":53698,"comment_status":"closed","ping_status":"open","template":"","meta":[],"product_cat":[14033],"product_tag":[],"class_list":{"0":"post-53699","1":"product","2":"type-product","3":"status-publish","4":"has-post-thumbnail","6":"product_cat-weitere-leinen-leinen","8":"first","9":"instock","10":"taxable","11":"shipping-taxable","12":"purchasable","13":"product-type-simple"},"_links":{"self":[{"href":"https:\/\/all-pets.de\/shop\/wp-json\/wp\/v2\/product\/53699","targetHints":{"allow":["GET"]}}],"collection":[{"href":"https:\/\/all-pets.de\/shop\/wp-json\/wp\/v2\/product"}],"about":[{"href":"https:\/\/all-pets.de\/shop\/wp-json\/wp\/v2\/types\/product"}],"replies":[{"embeddable":true,"href":"https:\/\/all-pets.de\/shop\/wp-json\/wp\/v2\/comments?post=53699"}],"wp:featuredmedia":[{"embeddable":true,"href":"https:\/\/all-pets.de\/shop\/wp-json\/wp\/v2\/media\/53698"}],"wp:attachment":[{"href":"https:\/\/all-pets.de\/shop\/wp-json\/wp\/v2\/media?parent=53699"}],"wp:term":[{"taxonomy":"product_cat","embeddable":true,"href":"https:\/\/all-pets.de\/shop\/wp-json\/wp\/v2\/product_cat?post=53699"},{"taxonomy":"product_tag","embeddable":true,"href":"https:\/\/all-pets.de\/shop\/wp-json\/wp\/v2\/product_tag?post=53699"}],"curies":[{"name":"wp","href":"https:\/\/api.w.org\/{rel}","templated":true}]}}