{"id":53704,"date":"2023-12-12T12:46:52","date_gmt":"2023-12-12T11:46:52","guid":{"rendered":"https:\/\/pet-shopping.de\/shop\/produkt\/karlie-flamingo-neonball-9-cm\/"},"modified":"2023-12-12T12:46:52","modified_gmt":"2023-12-12T11:46:52","slug":"karlie-flamingo-neonball-9-cm","status":"publish","type":"product","link":"https:\/\/all-pets.de\/shop\/produkt\/karlie-flamingo-neonball-9-cm\/","title":{"rendered":"Karlie Flamingo Neonball &#8211; 9 cm"},"content":{"rendered":"<p>Alle Hunde lieben Ballspiele!<\/p>\n<p>Mit diesem Ball in auff\u00e4lligen Neonfarben und verschiedenen sportlichen Designs steht dem stundenlangen Spielspa\u00df nichts mehr im Wege!<\/p>\n<p>Durchmesser: ca. 9 cm<\/p>\n<p>Eine Farbwahl ist leider nicht m\u00f6glich, da die Farbe je nach Lagerbestand gew\u00e4hlt wird.<\/p>\n","protected":false},"excerpt":{"rendered":"<p>Alle Hunde lieben Ballspiele! Mit diesem Ball in auff\u00e4lligen Neonfarben und verschiedenen sportlichen Designs steht dem stundenlangen Spielspa\u00df nichts mehr im Wege! Durchmesser: ca. 9 cm Eine Farbwahl ist leider nicht m\u00f6glich, da die Farbe je nach Lagerbestand gew\u00e4hlt wird.<\/p>\n","protected":false},"featured_media":32102,"comment_status":"closed","ping_status":"open","template":"","meta":[],"product_cat":[13769],"product_tag":[],"class_list":{"0":"post-53704","1":"product","2":"type-product","3":"status-publish","4":"has-post-thumbnail","6":"product_cat-hundebaelle","8":"first","9":"instock","10":"taxable","11":"shipping-taxable","12":"purchasable","13":"product-type-simple"},"_links":{"self":[{"href":"https:\/\/all-pets.de\/shop\/wp-json\/wp\/v2\/product\/53704","targetHints":{"allow":["GET"]}}],"collection":[{"href":"https:\/\/all-pets.de\/shop\/wp-json\/wp\/v2\/product"}],"about":[{"href":"https:\/\/all-pets.de\/shop\/wp-json\/wp\/v2\/types\/product"}],"replies":[{"embeddable":true,"href":"https:\/\/all-pets.de\/shop\/wp-json\/wp\/v2\/comments?post=53704"}],"wp:featuredmedia":[{"embeddable":true,"href":"https:\/\/all-pets.de\/shop\/wp-json\/wp\/v2\/media\/32102"}],"wp:attachment":[{"href":"https:\/\/all-pets.de\/shop\/wp-json\/wp\/v2\/media?parent=53704"}],"wp:term":[{"taxonomy":"product_cat","embeddable":true,"href":"https:\/\/all-pets.de\/shop\/wp-json\/wp\/v2\/product_cat?post=53704"},{"taxonomy":"product_tag","embeddable":true,"href":"https:\/\/all-pets.de\/shop\/wp-json\/wp\/v2\/product_tag?post=53704"}],"curies":[{"name":"wp","href":"https:\/\/api.w.org\/{rel}","templated":true}]}}