{"id":53707,"date":"2023-12-12T12:46:52","date_gmt":"2023-12-12T11:46:52","guid":{"rendered":"https:\/\/pet-shopping.de\/shop\/produkt\/karlie-visio-light-usb-universalband-orange\/"},"modified":"2023-12-12T12:46:53","modified_gmt":"2023-12-12T11:46:53","slug":"karlie-visio-light-usb-universalband-orange","status":"publish","type":"product","link":"https:\/\/all-pets.de\/shop\/produkt\/karlie-visio-light-usb-universalband-orange\/","title":{"rendered":"Karlie Visio Light USB Universalband &#8211; Orange"},"content":{"rendered":"<p>Das Karlie Visio Light USB-Band kann universell an Hundeleine, Halsband, Geschirr oder der Bekleidung befestigt werden. Dies geht einfach und schnell mit zwei Klettverschl\u00fcssen. Das Band aus Silikon ist spritzwassergesch\u00fctzt und robust. Dank der drei verschiedenen Leuchtfunktionen sind Hund und Mensch in der D\u00e4mmerung oder bei schlechten Sichtverh\u00e4ltnissen mit diesem Accessoire immer gut zu erkennen. Das Leuchtband wird \u00fcber einen USB-Anschluss aufgeladen. Ein entsprechendes Kabel wird mitgeliefert. <\/p>\n<p> Farbe: Orange<br \/> Ma\u00dfe: ca. 12 x 7,5 cm<\/p>\n","protected":false},"excerpt":{"rendered":"<p>Das Karlie Visio Light USB-Band kann universell an Hundeleine, Halsband, Geschirr oder der Bekleidung befestigt werden. Dies geht einfach und schnell mit zwei Klettverschl\u00fcssen. Das Band aus Silikon ist spritzwassergesch\u00fctzt und robust. Dank der drei verschiedenen Leuchtfunktionen sind Hund und Mensch in der D\u00e4mmerung oder bei schlechten Sichtverh\u00e4ltnissen mit diesem Accessoire immer gut zu erkennen. [&hellip;]<\/p>\n","protected":false},"featured_media":32111,"comment_status":"closed","ping_status":"open","template":"","meta":[],"product_cat":[13939],"product_tag":[],"class_list":{"0":"post-53707","1":"product","2":"type-product","3":"status-publish","4":"has-post-thumbnail","6":"product_cat-reflektierend","8":"first","9":"instock","10":"taxable","11":"shipping-taxable","12":"purchasable","13":"product-type-simple"},"_links":{"self":[{"href":"https:\/\/all-pets.de\/shop\/wp-json\/wp\/v2\/product\/53707","targetHints":{"allow":["GET"]}}],"collection":[{"href":"https:\/\/all-pets.de\/shop\/wp-json\/wp\/v2\/product"}],"about":[{"href":"https:\/\/all-pets.de\/shop\/wp-json\/wp\/v2\/types\/product"}],"replies":[{"embeddable":true,"href":"https:\/\/all-pets.de\/shop\/wp-json\/wp\/v2\/comments?post=53707"}],"wp:featuredmedia":[{"embeddable":true,"href":"https:\/\/all-pets.de\/shop\/wp-json\/wp\/v2\/media\/32111"}],"wp:attachment":[{"href":"https:\/\/all-pets.de\/shop\/wp-json\/wp\/v2\/media?parent=53707"}],"wp:term":[{"taxonomy":"product_cat","embeddable":true,"href":"https:\/\/all-pets.de\/shop\/wp-json\/wp\/v2\/product_cat?post=53707"},{"taxonomy":"product_tag","embeddable":true,"href":"https:\/\/all-pets.de\/shop\/wp-json\/wp\/v2\/product_tag?post=53707"}],"curies":[{"name":"wp","href":"https:\/\/api.w.org\/{rel}","templated":true}]}}