{"id":53709,"date":"2023-12-12T12:46:52","date_gmt":"2023-12-12T11:46:52","guid":{"rendered":"https:\/\/pet-shopping.de\/shop\/produkt\/trixie-welpenhalsbaender-6er-set-2-m-l-22-35-cm\/"},"modified":"2023-12-12T12:46:53","modified_gmt":"2023-12-12T11:46:53","slug":"trixie-welpenhalsbaender-6er-set-2-m-l-22-35-cm","status":"publish","type":"product","link":"https:\/\/all-pets.de\/shop\/produkt\/trixie-welpenhalsbaender-6er-set-2-m-l-22-35-cm\/","title":{"rendered":"Trixie Welpenhalsb\u00e4nder &#8211; 6er-Set 2 &#8211; M-L = 22-35 cm"},"content":{"rendered":"<div class=\"itemDescriptions\">6 Halsb\u00e4nder in unterschiedlichen Farben.<\/p>\n<ul>\n<li>zur Unterscheidung im Wurf<\/li>\n<li>Nylon<\/li>\n<li>stufenlos verstellbar<\/li>\n<li>zur Gew\u00f6hnung der Welpen an ein Halsband<\/li>\n<\/ul>\n<p>Breite: 10 mm<br \/> L\u00e4nge: 22 bis 35 cm<\/p>\n<p>Farben k\u00f6nnen von der Abbildung abweichen. Weitere Farben erh\u00e4ltlich im 6er-Set 1<\/p><\/div>\n","protected":false},"excerpt":{"rendered":"<p>6 Halsb\u00e4nder in unterschiedlichen Farben. zur Unterscheidung im Wurf Nylon stufenlos verstellbar zur Gew\u00f6hnung der Welpen an ein Halsband Breite: 10 mm L\u00e4nge: 22 bis 35 cm Farben k\u00f6nnen von der Abbildung abweichen. Weitere Farben erh\u00e4ltlich im 6er-Set 1<\/p>\n","protected":false},"featured_media":32126,"comment_status":"closed","ping_status":"open","template":"","meta":[],"product_cat":[15709],"product_tag":[],"class_list":{"0":"post-53709","1":"product","2":"type-product","3":"status-publish","4":"has-post-thumbnail","6":"product_cat-welpen-erziehung-erziehung-welpen-aufzuchthundewelt-pflege-gesundheit-nylonhalsbaenderhundewelt-halsbaender-halsbaender-leinen-halsbaenderhundewelt","8":"first","9":"instock","10":"taxable","11":"shipping-taxable","12":"purchasable","13":"product-type-simple"},"_links":{"self":[{"href":"https:\/\/all-pets.de\/shop\/wp-json\/wp\/v2\/product\/53709","targetHints":{"allow":["GET"]}}],"collection":[{"href":"https:\/\/all-pets.de\/shop\/wp-json\/wp\/v2\/product"}],"about":[{"href":"https:\/\/all-pets.de\/shop\/wp-json\/wp\/v2\/types\/product"}],"replies":[{"embeddable":true,"href":"https:\/\/all-pets.de\/shop\/wp-json\/wp\/v2\/comments?post=53709"}],"wp:featuredmedia":[{"embeddable":true,"href":"https:\/\/all-pets.de\/shop\/wp-json\/wp\/v2\/media\/32126"}],"wp:attachment":[{"href":"https:\/\/all-pets.de\/shop\/wp-json\/wp\/v2\/media?parent=53709"}],"wp:term":[{"taxonomy":"product_cat","embeddable":true,"href":"https:\/\/all-pets.de\/shop\/wp-json\/wp\/v2\/product_cat?post=53709"},{"taxonomy":"product_tag","embeddable":true,"href":"https:\/\/all-pets.de\/shop\/wp-json\/wp\/v2\/product_tag?post=53709"}],"curies":[{"name":"wp","href":"https:\/\/api.w.org\/{rel}","templated":true}]}}