{"id":53723,"date":"2023-12-12T12:46:57","date_gmt":"2023-12-12T11:46:57","guid":{"rendered":"https:\/\/pet-shopping.de\/shop\/produkt\/trixie-jogger-umbausatz-fuer-hundeanhaenger-fuer-art-12816-trxi\/"},"modified":"2023-12-12T12:46:57","modified_gmt":"2023-12-12T11:46:57","slug":"trixie-jogger-umbausatz-fuer-hundeanhaenger-fuer-art-12816-trxi","status":"publish","type":"product","link":"https:\/\/all-pets.de\/shop\/produkt\/trixie-jogger-umbausatz-fuer-hundeanhaenger-fuer-art-12816-trxi\/","title":{"rendered":"Trixie Jogger-Umbausatz f\u00fcr Hundeanh\u00e4nger &#8211; f\u00fcr Art.: 12816-TRXI"},"content":{"rendered":"<ul>\n<li>f\u00fcr den Umbau von einem Fahrrad-Anh\u00e4nger zum Jogger<\/li>\n<li>wendig durch 360\u00b0-Gelenk<\/li>\n<li>mit Feststellbremse<\/li>\n<li>rutschfester Griff<\/li>\n<li>einfache Montage<\/li>\n<li>f\u00fcr Anh\u00e4nger mit Artikelnr.: 12816-TRXI<\/li>\n<\/ul>\n","protected":false},"excerpt":{"rendered":"<p>f\u00fcr den Umbau von einem Fahrrad-Anh\u00e4nger zum Jogger wendig durch 360\u00b0-Gelenk mit Feststellbremse rutschfester Griff einfache Montage f\u00fcr Anh\u00e4nger mit Artikelnr.: 12816-TRXI<\/p>\n","protected":false},"featured_media":32222,"comment_status":"closed","ping_status":"open","template":"","meta":[],"product_cat":[13843],"product_tag":[],"class_list":{"0":"post-53723","1":"product","2":"type-product","3":"status-publish","4":"has-post-thumbnail","6":"product_cat-rad-und-joggingzubehoer","8":"first","9":"instock","10":"taxable","11":"shipping-taxable","12":"purchasable","13":"product-type-simple"},"_links":{"self":[{"href":"https:\/\/all-pets.de\/shop\/wp-json\/wp\/v2\/product\/53723","targetHints":{"allow":["GET"]}}],"collection":[{"href":"https:\/\/all-pets.de\/shop\/wp-json\/wp\/v2\/product"}],"about":[{"href":"https:\/\/all-pets.de\/shop\/wp-json\/wp\/v2\/types\/product"}],"replies":[{"embeddable":true,"href":"https:\/\/all-pets.de\/shop\/wp-json\/wp\/v2\/comments?post=53723"}],"wp:featuredmedia":[{"embeddable":true,"href":"https:\/\/all-pets.de\/shop\/wp-json\/wp\/v2\/media\/32222"}],"wp:attachment":[{"href":"https:\/\/all-pets.de\/shop\/wp-json\/wp\/v2\/media?parent=53723"}],"wp:term":[{"taxonomy":"product_cat","embeddable":true,"href":"https:\/\/all-pets.de\/shop\/wp-json\/wp\/v2\/product_cat?post=53723"},{"taxonomy":"product_tag","embeddable":true,"href":"https:\/\/all-pets.de\/shop\/wp-json\/wp\/v2\/product_tag?post=53723"}],"curies":[{"name":"wp","href":"https:\/\/api.w.org\/{rel}","templated":true}]}}