{"id":53759,"date":"2023-12-12T12:47:03","date_gmt":"2023-12-12T11:47:03","guid":{"rendered":"https:\/\/pet-shopping.de\/shop\/produkt\/karlie-flamingo-professional-borstenbuerste-klein\/"},"modified":"2023-12-12T12:47:04","modified_gmt":"2023-12-12T11:47:04","slug":"karlie-flamingo-professional-borstenbuerste-klein","status":"publish","type":"product","link":"https:\/\/all-pets.de\/shop\/produkt\/karlie-flamingo-professional-borstenbuerste-klein\/","title":{"rendered":"Karlie Flamingo Professional Borstenb\u00fcrste &#8211; Klein"},"content":{"rendered":"<p>Die Professional Borstenb\u00fcrste eignet sich ideal zum Entfernen von Staub, Schmutz und losen Haaren und h\u00e4lt das Fell Ihres Hundes strahlend und gesund. Durch den ergonomisch geformten Griff aus weichem Materialmix liegt die B\u00fcrste dabei perfekt in der Hand.<\/p>\n<p>Farbe: rot-schwarz<br \/> Ma\u00dfe: ca. 20,5 x 6 x 4 cm (LxBxH)<\/p>\n","protected":false},"excerpt":{"rendered":"<p>Die Professional Borstenb\u00fcrste eignet sich ideal zum Entfernen von Staub, Schmutz und losen Haaren und h\u00e4lt das Fell Ihres Hundes strahlend und gesund. Durch den ergonomisch geformten Griff aus weichem Materialmix liegt die B\u00fcrste dabei perfekt in der Hand. Farbe: rot-schwarz Ma\u00dfe: ca. 20,5 x 6 x 4 cm (LxBxH)<\/p>\n","protected":false},"featured_media":32378,"comment_status":"closed","ping_status":"open","template":"","meta":[],"product_cat":[14112],"product_tag":[],"class_list":{"0":"post-53759","1":"product","2":"type-product","3":"status-publish","4":"has-post-thumbnail","6":"product_cat-hundebuersten-striegel-fellpflege-pflege-gesundheit-hundewelt","8":"first","9":"instock","10":"taxable","11":"shipping-taxable","12":"purchasable","13":"product-type-simple"},"_links":{"self":[{"href":"https:\/\/all-pets.de\/shop\/wp-json\/wp\/v2\/product\/53759","targetHints":{"allow":["GET"]}}],"collection":[{"href":"https:\/\/all-pets.de\/shop\/wp-json\/wp\/v2\/product"}],"about":[{"href":"https:\/\/all-pets.de\/shop\/wp-json\/wp\/v2\/types\/product"}],"replies":[{"embeddable":true,"href":"https:\/\/all-pets.de\/shop\/wp-json\/wp\/v2\/comments?post=53759"}],"wp:featuredmedia":[{"embeddable":true,"href":"https:\/\/all-pets.de\/shop\/wp-json\/wp\/v2\/media\/32378"}],"wp:attachment":[{"href":"https:\/\/all-pets.de\/shop\/wp-json\/wp\/v2\/media?parent=53759"}],"wp:term":[{"taxonomy":"product_cat","embeddable":true,"href":"https:\/\/all-pets.de\/shop\/wp-json\/wp\/v2\/product_cat?post=53759"},{"taxonomy":"product_tag","embeddable":true,"href":"https:\/\/all-pets.de\/shop\/wp-json\/wp\/v2\/product_tag?post=53759"}],"curies":[{"name":"wp","href":"https:\/\/api.w.org\/{rel}","templated":true}]}}