{"id":53760,"date":"2023-12-12T12:47:03","date_gmt":"2023-12-12T11:47:03","guid":{"rendered":"https:\/\/pet-shopping.de\/shop\/produkt\/hundebett-manchester-heaven-70-x-55-cm\/"},"modified":"2023-12-12T12:47:04","modified_gmt":"2023-12-12T11:47:04","slug":"hundebett-manchester-heaven-70-x-55-cm","status":"publish","type":"product","link":"https:\/\/all-pets.de\/shop\/produkt\/hundebett-manchester-heaven-70-x-55-cm\/","title":{"rendered":"Hundebett Manchester-Heaven &#8211; 70 x 55 cm"},"content":{"rendered":"<div style=\"text-indent:0.0px \">Das Hundebett Manchester-Heaven bietet Ihrem Hund eine ausgesprochen bequeme und gem\u00fctliche Liegefl\u00e4che zum ausgiebigen Entspannen. Die Liegefl\u00e4che ist mit einem extra weichen und kuschligen Pl\u00fcschkissen ausgestattet und passt sich optimal an die Liegeposition an. Der Kissenbezug des Hundebett Manchester ist auf der einen Seite aus weichem Fellimitat, auf der anderen aus grauem Pl\u00fcsch. Die weiche und kuschelige Seite des Innenkissen eignet sich hervorragend f\u00fcr lange Winterabende. Die R\u00fcckseite ist dank seiner k\u00fchlender Leinenstruktur auch f\u00fcr hei\u00dfe Sommern\u00e4chte ideal. Der Bezug des Kissens l\u00e4sst sich ganz einfach durch einen Rei\u00dfverschluss zum Reinigen abziehen. Die Antirutsch-Unterseite bietet dem Hundebett eine optimale Bodenhaftung.<\/div>\n<div style=\"text-indent:0.0px \">\u00a0<\/div>\n<div style=\"text-indent:0.0px \">Die Seitenr\u00e4nder sind als gem\u00fctliche Auflage f\u00fcr den Hundekopf gro\u00dfz\u00fcgig mit Polyesterwatte gef\u00fcllt. Zudem erh\u00e4lt das Hundebett durch die hohen R\u00e4nder eine nestartige Form. Dies vermittelt ihrem Hund Sicherheit und Geborgenheit f\u00fcr einen erholsamen Schlaf. Zudem wird durch die hohen Seitenr\u00e4nder kalte Zugluft abgehalten. Der Bezug der Seitenr\u00e4nder ist mit\u00a0kuscheligem Fellimitat\u00a0ausgestattet. Der komplette Bezug ist waschbar und durch den rundum eingen\u00e4hten Rei\u00dfverschluss kinderleicht zu entfernen. Der Einstieg des Manchester ist abgesenkt, damit der Zugang f\u00fcr den Hund leichter f\u00e4llt.<\/div>\n<div style=\"text-indent:0.0px \">\u00a0<\/div>\n<ul>\n<li>Waschbare Bez\u00fcge<\/li>\n<li>Hochwertiges Fellimitat<\/li>\n<li>Mit extra weichem Pl\u00fcsch<\/li>\n<li>Herausnehmbares Kissen<\/li>\n<li>Mit Antirutsch-Unterseite<\/li>\n<li>Rei\u00dfverschl\u00fcsse auf 4 Seiten<\/li>\n<\/ul>\n","protected":false},"excerpt":{"rendered":"<p>Das Hundebett Manchester-Heaven bietet Ihrem Hund eine ausgesprochen bequeme und gem\u00fctliche Liegefl\u00e4che zum ausgiebigen Entspannen. Die Liegefl\u00e4che ist mit einem extra weichen und kuschligen Pl\u00fcschkissen ausgestattet und passt sich optimal an die Liegeposition an. Der Kissenbezug des Hundebett Manchester ist auf der einen Seite aus weichem Fellimitat, auf der anderen aus grauem Pl\u00fcsch. Die weiche [&hellip;]<\/p>\n","protected":false},"featured_media":53761,"comment_status":"closed","ping_status":"open","template":"","meta":[],"product_cat":[15113],"product_tag":[],"class_list":{"0":"post-53760","1":"product","2":"type-product","3":"status-publish","4":"has-post-thumbnail","6":"product_cat-hundebetten-hundekissen-betten-koerbe","8":"first","9":"instock","10":"taxable","11":"shipping-taxable","12":"purchasable","13":"product-type-simple"},"_links":{"self":[{"href":"https:\/\/all-pets.de\/shop\/wp-json\/wp\/v2\/product\/53760","targetHints":{"allow":["GET"]}}],"collection":[{"href":"https:\/\/all-pets.de\/shop\/wp-json\/wp\/v2\/product"}],"about":[{"href":"https:\/\/all-pets.de\/shop\/wp-json\/wp\/v2\/types\/product"}],"replies":[{"embeddable":true,"href":"https:\/\/all-pets.de\/shop\/wp-json\/wp\/v2\/comments?post=53760"}],"wp:featuredmedia":[{"embeddable":true,"href":"https:\/\/all-pets.de\/shop\/wp-json\/wp\/v2\/media\/53761"}],"wp:attachment":[{"href":"https:\/\/all-pets.de\/shop\/wp-json\/wp\/v2\/media?parent=53760"}],"wp:term":[{"taxonomy":"product_cat","embeddable":true,"href":"https:\/\/all-pets.de\/shop\/wp-json\/wp\/v2\/product_cat?post=53760"},{"taxonomy":"product_tag","embeddable":true,"href":"https:\/\/all-pets.de\/shop\/wp-json\/wp\/v2\/product_tag?post=53760"}],"curies":[{"name":"wp","href":"https:\/\/api.w.org\/{rel}","templated":true}]}}