{"id":53764,"date":"2023-12-12T12:47:03","date_gmt":"2023-12-12T11:47:03","guid":{"rendered":"https:\/\/pet-shopping.de\/shop\/produkt\/trixie-preydummy-canvas-braun-8-x-20-cm\/"},"modified":"2023-12-12T12:47:04","modified_gmt":"2023-12-12T11:47:04","slug":"trixie-preydummy-canvas-braun-8-x-20-cm","status":"publish","type":"product","link":"https:\/\/all-pets.de\/shop\/produkt\/trixie-preydummy-canvas-braun-8-x-20-cm\/","title":{"rendered":"Trixie Preydummy &#8211; Canvas, Braun &#8211; 8 x 20 cm"},"content":{"rendered":"<p>&#8211; hilft den Jagdinstinkt des Hundes in der Erziehung sinnvoll zu nutzen<br \/> &#8211; Jagd-\/Beute-Spielzeug<br \/> &#8211; dunkle Farbe f\u00f6rdert Nasenarbeit<br \/> &#8211; entwickelt von dem bekannten Hundeerziehungsberater Jan Nijboer<br \/> &#8211; optimale Stimulation f\u00fcr soziales Lernen<br \/> &#8211; mit Wurfhilfe<br \/> &#8211; f\u00fcr Nass- und Trockenfutter geeignet<br \/> &#8211; inkl. \u00dcbungsheft mit Tipps und Tricks f\u00fcr das optimale Training<br \/> &#8211; Durchmesser: ca. 8 cm<br \/> &#8211; L\u00e4nge: ca. 20 cm <\/p>\n<p><font size='1'>(Die Farbe des Wurfbandes kann von der Abbildung abweichen.)<\/font><\/p>\n","protected":false},"excerpt":{"rendered":"<p>&#8211; hilft den Jagdinstinkt des Hundes in der Erziehung sinnvoll zu nutzen &#8211; Jagd-\/Beute-Spielzeug &#8211; dunkle Farbe f\u00f6rdert Nasenarbeit &#8211; entwickelt von dem bekannten Hundeerziehungsberater Jan Nijboer &#8211; optimale Stimulation f\u00fcr soziales Lernen &#8211; mit Wurfhilfe &#8211; f\u00fcr Nass- und Trockenfutter geeignet &#8211; inkl. \u00dcbungsheft mit Tipps und Tricks f\u00fcr das optimale Training &#8211; Durchmesser: [&hellip;]<\/p>\n","protected":false},"featured_media":32411,"comment_status":"closed","ping_status":"open","template":"","meta":[],"product_cat":[15404],"product_tag":[],"class_list":{"0":"post-53764","1":"product","2":"type-product","3":"status-publish","4":"has-post-thumbnail","6":"product_cat-agility-training-hundespielzeug-sport-trainings-zubehoerhundewelt-erziehung-gurt-futtertaschenhundewelt-unterwegs-gurt-und-futtertaschenhundewelt","8":"first","9":"instock","10":"taxable","11":"shipping-taxable","12":"purchasable","13":"product-type-simple"},"_links":{"self":[{"href":"https:\/\/all-pets.de\/shop\/wp-json\/wp\/v2\/product\/53764","targetHints":{"allow":["GET"]}}],"collection":[{"href":"https:\/\/all-pets.de\/shop\/wp-json\/wp\/v2\/product"}],"about":[{"href":"https:\/\/all-pets.de\/shop\/wp-json\/wp\/v2\/types\/product"}],"replies":[{"embeddable":true,"href":"https:\/\/all-pets.de\/shop\/wp-json\/wp\/v2\/comments?post=53764"}],"wp:featuredmedia":[{"embeddable":true,"href":"https:\/\/all-pets.de\/shop\/wp-json\/wp\/v2\/media\/32411"}],"wp:attachment":[{"href":"https:\/\/all-pets.de\/shop\/wp-json\/wp\/v2\/media?parent=53764"}],"wp:term":[{"taxonomy":"product_cat","embeddable":true,"href":"https:\/\/all-pets.de\/shop\/wp-json\/wp\/v2\/product_cat?post=53764"},{"taxonomy":"product_tag","embeddable":true,"href":"https:\/\/all-pets.de\/shop\/wp-json\/wp\/v2\/product_tag?post=53764"}],"curies":[{"name":"wp","href":"https:\/\/api.w.org\/{rel}","templated":true}]}}