{"id":53774,"date":"2023-12-12T12:47:05","date_gmt":"2023-12-12T11:47:05","guid":{"rendered":"https:\/\/pet-shopping.de\/shop\/produkt\/trixie-naturgummi-snackball-9-cm\/"},"modified":"2023-12-12T12:47:06","modified_gmt":"2023-12-12T11:47:06","slug":"trixie-naturgummi-snackball-9-cm","status":"publish","type":"product","link":"https:\/\/all-pets.de\/shop\/produkt\/trixie-naturgummi-snackball-9-cm\/","title":{"rendered":"Trixie Naturgummi-Snackball &#8211; 9 cm"},"content":{"rendered":"<p>Dieser Snackball von Trixie besteht komplett aus Naturgummi und ist in drei verschiedenen Gr\u00f6\u00dfen erh\u00e4ltlich. <\/p>\n<p>Diese Variante hat einen Durchmesser von ca. 9 cm und eignet sich f\u00fcr mittelgro\u00dfe Hunde.<\/p>\n<p>Die Leckerbissen, mit denen der Ball bef\u00fcllt werden kann, werden einfach durch das Loch in den Ball hinein gesteckt. Im Inneren des Balles befindet sich eine Art integriertes sternf\u00f6rmiges Labyrinth, welches f\u00fcr ein extra langes Spielvergn\u00fcgen die Leckerliausgabe verlangsamt. Durch das Naturgummi rollt der Ball sehr leise und durch die Noppenform des Balles springt er ungleichm\u00e4\u00dfig, was besonderen Spielspa\u00df mit sich bringt.<\/p>\n<p>So einfach ist es, die Geschicklichkeit des Tieres zu schulen und Spielspa\u00df mit Nahrungserg\u00e4nzung zu kombinieren. <\/p>\n<p>Bei dem Snackball handelt es sich um ein Intelligenzspielzeug Level 2.<\/p>\n","protected":false},"excerpt":{"rendered":"<p>Dieser Snackball von Trixie besteht komplett aus Naturgummi und ist in drei verschiedenen Gr\u00f6\u00dfen erh\u00e4ltlich. Diese Variante hat einen Durchmesser von ca. 9 cm und eignet sich f\u00fcr mittelgro\u00dfe Hunde. Die Leckerbissen, mit denen der Ball bef\u00fcllt werden kann, werden einfach durch das Loch in den Ball hinein gesteckt. Im Inneren des Balles befindet sich [&hellip;]<\/p>\n","protected":false},"featured_media":32509,"comment_status":"closed","ping_status":"open","template":"","meta":[],"product_cat":[14811],"product_tag":[],"class_list":{"0":"post-53774","1":"product","2":"type-product","3":"status-publish","4":"has-post-thumbnail","6":"product_cat-intelligenz-hundespielzeug-sport-hundebaellehundewelt","8":"first","9":"instock","10":"taxable","11":"shipping-taxable","12":"purchasable","13":"product-type-simple"},"_links":{"self":[{"href":"https:\/\/all-pets.de\/shop\/wp-json\/wp\/v2\/product\/53774","targetHints":{"allow":["GET"]}}],"collection":[{"href":"https:\/\/all-pets.de\/shop\/wp-json\/wp\/v2\/product"}],"about":[{"href":"https:\/\/all-pets.de\/shop\/wp-json\/wp\/v2\/types\/product"}],"replies":[{"embeddable":true,"href":"https:\/\/all-pets.de\/shop\/wp-json\/wp\/v2\/comments?post=53774"}],"wp:featuredmedia":[{"embeddable":true,"href":"https:\/\/all-pets.de\/shop\/wp-json\/wp\/v2\/media\/32509"}],"wp:attachment":[{"href":"https:\/\/all-pets.de\/shop\/wp-json\/wp\/v2\/media?parent=53774"}],"wp:term":[{"taxonomy":"product_cat","embeddable":true,"href":"https:\/\/all-pets.de\/shop\/wp-json\/wp\/v2\/product_cat?post=53774"},{"taxonomy":"product_tag","embeddable":true,"href":"https:\/\/all-pets.de\/shop\/wp-json\/wp\/v2\/product_tag?post=53774"}],"curies":[{"name":"wp","href":"https:\/\/api.w.org\/{rel}","templated":true}]}}