{"id":53797,"date":"2023-12-12T12:47:10","date_gmt":"2023-12-12T11:47:10","guid":{"rendered":"https:\/\/pet-shopping.de\/shop\/produkt\/trixie-halsband-estelle-mit-schleife-gruen-m-l-40-55-cm-40-mm\/"},"modified":"2023-12-12T12:47:11","modified_gmt":"2023-12-12T11:47:11","slug":"trixie-halsband-estelle-mit-schleife-gruen-m-l-40-55-cm-40-mm","status":"publish","type":"product","link":"https:\/\/all-pets.de\/shop\/produkt\/trixie-halsband-estelle-mit-schleife-gruen-m-l-40-55-cm-40-mm\/","title":{"rendered":"Trixie Halsband Estelle mit Schleife &#8211; gr\u00fcn &#8211; M\u2013L: 40\u201355 cm\/40 mm"},"content":{"rendered":"<ul>\n<li>Samt-Optik\/Pl\u00fcsch (Polyester)<\/li>\n<li>mit 3 Druckkn\u00f6pfen<\/li>\n<li>Farbe: gr\u00fcn<\/li>\n<li>M\u2013L: 40\u201355 cm\/40 mm(Halsumfang\/Breite)<\/li>\n<\/ul>\n<p><\/p>\n","protected":false},"excerpt":{"rendered":"<p>Samt-Optik\/Pl\u00fcsch (Polyester) mit 3 Druckkn\u00f6pfen Farbe: gr\u00fcn M\u2013L: 40\u201355 cm\/40 mm(Halsumfang\/Breite)<\/p>\n","protected":false},"featured_media":53796,"comment_status":"closed","ping_status":"open","template":"","meta":[],"product_cat":[15442],"product_tag":[],"class_list":{"0":"post-53797","1":"product","2":"type-product","3":"status-publish","4":"has-post-thumbnail","6":"product_cat-weitere-halsbaender-halsbaender-halsbaender-leinen-hunde-x-mashundewelt-hundewelt","8":"first","9":"instock","10":"taxable","11":"shipping-taxable","12":"purchasable","13":"product-type-simple"},"_links":{"self":[{"href":"https:\/\/all-pets.de\/shop\/wp-json\/wp\/v2\/product\/53797","targetHints":{"allow":["GET"]}}],"collection":[{"href":"https:\/\/all-pets.de\/shop\/wp-json\/wp\/v2\/product"}],"about":[{"href":"https:\/\/all-pets.de\/shop\/wp-json\/wp\/v2\/types\/product"}],"replies":[{"embeddable":true,"href":"https:\/\/all-pets.de\/shop\/wp-json\/wp\/v2\/comments?post=53797"}],"wp:featuredmedia":[{"embeddable":true,"href":"https:\/\/all-pets.de\/shop\/wp-json\/wp\/v2\/media\/53796"}],"wp:attachment":[{"href":"https:\/\/all-pets.de\/shop\/wp-json\/wp\/v2\/media?parent=53797"}],"wp:term":[{"taxonomy":"product_cat","embeddable":true,"href":"https:\/\/all-pets.de\/shop\/wp-json\/wp\/v2\/product_cat?post=53797"},{"taxonomy":"product_tag","embeddable":true,"href":"https:\/\/all-pets.de\/shop\/wp-json\/wp\/v2\/product_tag?post=53797"}],"curies":[{"name":"wp","href":"https:\/\/api.w.org\/{rel}","templated":true}]}}