{"id":53802,"date":"2023-12-12T12:47:10","date_gmt":"2023-12-12T11:47:10","guid":{"rendered":"https:\/\/pet-shopping.de\/shop\/produkt\/karlie-flamingo-dogx2go-geschirr-gruen-xl\/"},"modified":"2023-12-12T12:47:12","modified_gmt":"2023-12-12T11:47:12","slug":"karlie-flamingo-dogx2go-geschirr-gruen-xl","status":"publish","type":"product","link":"https:\/\/all-pets.de\/shop\/produkt\/karlie-flamingo-dogx2go-geschirr-gruen-xl\/","title":{"rendered":"Karlie Flamingo DogX2Go Geschirr &#8211; Gr\u00fcn &#8211; XL"},"content":{"rendered":"<p>Durch die komfortable Handhabung wird das Anlegen des DogX2Go Geschirrs zum Kinderspiel.<\/p>\n<p>Aus 100% Polyamid mit Metallbeschl\u00e4gen in \u201edeeply black Eloxal\u201c. Verschluss aus 100% reinem POM mit Sicherheitssperrfunktion. Mit innovativer Zugentlastung. <\/p>\n<p>Gr\u00f6\u00dfe XL: 60-100 cm x 25 mm (Brustumfang x Breite)<br \/> Farbe: Gr\u00fcn<\/p>\n","protected":false},"excerpt":{"rendered":"<p>Durch die komfortable Handhabung wird das Anlegen des DogX2Go Geschirrs zum Kinderspiel. Aus 100% Polyamid mit Metallbeschl\u00e4gen in \u201edeeply black Eloxal\u201c. Verschluss aus 100% reinem POM mit Sicherheitssperrfunktion. Mit innovativer Zugentlastung. Gr\u00f6\u00dfe XL: 60-100 cm x 25 mm (Brustumfang x Breite) Farbe: Gr\u00fcn<\/p>\n","protected":false},"featured_media":32602,"comment_status":"closed","ping_status":"open","template":"","meta":[],"product_cat":[13812],"product_tag":[],"class_list":{"0":"post-53802","1":"product","2":"type-product","3":"status-publish","4":"has-post-thumbnail","6":"product_cat-hundegeschirre","8":"first","9":"instock","10":"taxable","11":"shipping-taxable","12":"purchasable","13":"product-type-simple"},"_links":{"self":[{"href":"https:\/\/all-pets.de\/shop\/wp-json\/wp\/v2\/product\/53802","targetHints":{"allow":["GET"]}}],"collection":[{"href":"https:\/\/all-pets.de\/shop\/wp-json\/wp\/v2\/product"}],"about":[{"href":"https:\/\/all-pets.de\/shop\/wp-json\/wp\/v2\/types\/product"}],"replies":[{"embeddable":true,"href":"https:\/\/all-pets.de\/shop\/wp-json\/wp\/v2\/comments?post=53802"}],"wp:featuredmedia":[{"embeddable":true,"href":"https:\/\/all-pets.de\/shop\/wp-json\/wp\/v2\/media\/32602"}],"wp:attachment":[{"href":"https:\/\/all-pets.de\/shop\/wp-json\/wp\/v2\/media?parent=53802"}],"wp:term":[{"taxonomy":"product_cat","embeddable":true,"href":"https:\/\/all-pets.de\/shop\/wp-json\/wp\/v2\/product_cat?post=53802"},{"taxonomy":"product_tag","embeddable":true,"href":"https:\/\/all-pets.de\/shop\/wp-json\/wp\/v2\/product_tag?post=53802"}],"curies":[{"name":"wp","href":"https:\/\/api.w.org\/{rel}","templated":true}]}}