{"id":53809,"date":"2023-12-12T12:47:13","date_gmt":"2023-12-12T11:47:13","guid":{"rendered":"https:\/\/pet-shopping.de\/shop\/produkt\/nerf-dog-wrapped-bash-ball-gummiummantelt-l89-cm\/"},"modified":"2023-12-12T12:47:13","modified_gmt":"2023-12-12T11:47:13","slug":"nerf-dog-wrapped-bash-ball-gummiummantelt-l89-cm","status":"publish","type":"product","link":"https:\/\/all-pets.de\/shop\/produkt\/nerf-dog-wrapped-bash-ball-gummiummantelt-l89-cm\/","title":{"rendered":"NERF DOG Wrapped Bash Ball (gummiummantelt) &#8211; L=8,9 cm"},"content":{"rendered":"<p>Die NERF DOG Hundespielzeuge vereinen optimales und funktionales Design mit speziellen Materialien, die eine intensive Nutzung \u00fcber einen langen Zeitraum erlauben.<br \/> Dabei stellen unter anderem eine F\u00fcllung aus Polycotton, Naturkautschuk und 3-fache Nylonn\u00e4hte stundenlangen Spa\u00df mit einem Qualit\u00e4tsspielzeug sicher.<\/p>\n<p>So auch der Wrapped Bash Ball, ein gummiummantelter Ball mit animierenden Quietsch-Ger\u00e4uschen.<\/p>\n<p>Gr\u00f6\u00dfe L: ca. 8,9 cm<br \/> Farbe: Rot oder Blau oder Gr\u00fcn <br \/> Eine Farbwahl ist leider nicht m\u00f6glich, da die Farbe je nach Lagerbestand gew\u00e4hlt wird.<\/p>\n","protected":false},"excerpt":{"rendered":"<p>Die NERF DOG Hundespielzeuge vereinen optimales und funktionales Design mit speziellen Materialien, die eine intensive Nutzung \u00fcber einen langen Zeitraum erlauben. Dabei stellen unter anderem eine F\u00fcllung aus Polycotton, Naturkautschuk und 3-fache Nylonn\u00e4hte stundenlangen Spa\u00df mit einem Qualit\u00e4tsspielzeug sicher. So auch der Wrapped Bash Ball, ein gummiummantelter Ball mit animierenden Quietsch-Ger\u00e4uschen. Gr\u00f6\u00dfe L: ca. 8,9 [&hellip;]<\/p>\n","protected":false},"featured_media":32676,"comment_status":"closed","ping_status":"open","template":"","meta":[],"product_cat":[14197],"product_tag":[],"class_list":{"0":"post-53809","1":"product","2":"type-product","3":"status-publish","4":"has-post-thumbnail","6":"product_cat-squeeker-hundespielzeug-sport-hundebaellehundewelt","8":"first","9":"instock","10":"taxable","11":"shipping-taxable","12":"purchasable","13":"product-type-simple"},"_links":{"self":[{"href":"https:\/\/all-pets.de\/shop\/wp-json\/wp\/v2\/product\/53809","targetHints":{"allow":["GET"]}}],"collection":[{"href":"https:\/\/all-pets.de\/shop\/wp-json\/wp\/v2\/product"}],"about":[{"href":"https:\/\/all-pets.de\/shop\/wp-json\/wp\/v2\/types\/product"}],"replies":[{"embeddable":true,"href":"https:\/\/all-pets.de\/shop\/wp-json\/wp\/v2\/comments?post=53809"}],"wp:featuredmedia":[{"embeddable":true,"href":"https:\/\/all-pets.de\/shop\/wp-json\/wp\/v2\/media\/32676"}],"wp:attachment":[{"href":"https:\/\/all-pets.de\/shop\/wp-json\/wp\/v2\/media?parent=53809"}],"wp:term":[{"taxonomy":"product_cat","embeddable":true,"href":"https:\/\/all-pets.de\/shop\/wp-json\/wp\/v2\/product_cat?post=53809"},{"taxonomy":"product_tag","embeddable":true,"href":"https:\/\/all-pets.de\/shop\/wp-json\/wp\/v2\/product_tag?post=53809"}],"curies":[{"name":"wp","href":"https:\/\/api.w.org\/{rel}","templated":true}]}}