{"id":53829,"date":"2023-12-12T12:47:18","date_gmt":"2023-12-12T11:47:18","guid":{"rendered":"https:\/\/pet-shopping.de\/shop\/produkt\/karlie-rondo-halsband-unterlegt-mit-rundkopfnieten-schwarz-35mm-57cm\/"},"modified":"2023-12-12T12:47:18","modified_gmt":"2023-12-12T11:47:18","slug":"karlie-rondo-halsband-unterlegt-mit-rundkopfnieten-schwarz-35mm-57cm","status":"publish","type":"product","link":"https:\/\/all-pets.de\/shop\/produkt\/karlie-rondo-halsband-unterlegt-mit-rundkopfnieten-schwarz-35mm-57cm\/","title":{"rendered":"Karlie Rondo Halsband unterlegt mit Rundkopfnieten &#8211; Schwarz &#8211; 35mm\/57cm"},"content":{"rendered":"<ul>\n<li>Vollrindleder<\/li>\n<li>mit Nappaleder unterlegt<\/li>\n<li>mit Rundkopfnieten verziert<\/li>\n<li>geriegelt<\/li>\n<li>abgen\u00e4ht<\/li>\n<li>Unterteil gebuggt<\/li>\n<li>verchromte Beschl\u00e4ge<\/li>\n<li>Farbe: schwarz, schwarz unterlegt<\/li>\n<li>Breite: 35 mm<\/li>\n<li>Gesamtl\u00e4nge: ca. 57 cm<\/li>\n<\/ul>\n","protected":false},"excerpt":{"rendered":"<p>Vollrindleder mit Nappaleder unterlegt mit Rundkopfnieten verziert geriegelt abgen\u00e4ht Unterteil gebuggt verchromte Beschl\u00e4ge Farbe: schwarz, schwarz unterlegt Breite: 35 mm Gesamtl\u00e4nge: ca. 57 cm<\/p>\n","protected":false},"featured_media":53828,"comment_status":"closed","ping_status":"open","template":"","meta":[],"product_cat":[13790],"product_tag":[],"class_list":{"0":"post-53829","1":"product","2":"type-product","3":"status-publish","4":"has-post-thumbnail","6":"product_cat-lederhalsbaender","8":"first","9":"instock","10":"taxable","11":"shipping-taxable","12":"purchasable","13":"product-type-simple"},"_links":{"self":[{"href":"https:\/\/all-pets.de\/shop\/wp-json\/wp\/v2\/product\/53829","targetHints":{"allow":["GET"]}}],"collection":[{"href":"https:\/\/all-pets.de\/shop\/wp-json\/wp\/v2\/product"}],"about":[{"href":"https:\/\/all-pets.de\/shop\/wp-json\/wp\/v2\/types\/product"}],"replies":[{"embeddable":true,"href":"https:\/\/all-pets.de\/shop\/wp-json\/wp\/v2\/comments?post=53829"}],"wp:featuredmedia":[{"embeddable":true,"href":"https:\/\/all-pets.de\/shop\/wp-json\/wp\/v2\/media\/53828"}],"wp:attachment":[{"href":"https:\/\/all-pets.de\/shop\/wp-json\/wp\/v2\/media?parent=53829"}],"wp:term":[{"taxonomy":"product_cat","embeddable":true,"href":"https:\/\/all-pets.de\/shop\/wp-json\/wp\/v2\/product_cat?post=53829"},{"taxonomy":"product_tag","embeddable":true,"href":"https:\/\/all-pets.de\/shop\/wp-json\/wp\/v2\/product_tag?post=53829"}],"curies":[{"name":"wp","href":"https:\/\/api.w.org\/{rel}","templated":true}]}}