{"id":53831,"date":"2023-12-12T12:47:18","date_gmt":"2023-12-12T11:47:18","guid":{"rendered":"https:\/\/pet-shopping.de\/shop\/produkt\/karlie-flamingo-tpr-kuehlball-8-cm\/"},"modified":"2023-12-12T12:47:18","modified_gmt":"2023-12-12T11:47:18","slug":"karlie-flamingo-tpr-kuehlball-8-cm","status":"publish","type":"product","link":"https:\/\/all-pets.de\/shop\/produkt\/karlie-flamingo-tpr-kuehlball-8-cm\/","title":{"rendered":"Karlie Flamingo TPR K\u00fchlball &#8211; 8 cm"},"content":{"rendered":"<p>Der K\u00fchlball aus robustem TPR kann an hei\u00dfen Sommertagen mit Wasser bef\u00fcllt werden. Dank der kleinen L\u00f6cher im Ball sorgt er beim Spielen durch das dann herumspritzende Wasser f\u00fcr eine willkommene Abk\u00fchlung. Ein positiver Nebeneffekt ist, dass der Hund beim Bei\u00dfen und Spielen ganz automatisch Wasser zu sich nimmt. <\/p>\n<p>Durchmesser: ca. 8 cm<br \/> Farbe: Blau<\/p>\n","protected":false},"excerpt":{"rendered":"<p>Der K\u00fchlball aus robustem TPR kann an hei\u00dfen Sommertagen mit Wasser bef\u00fcllt werden. Dank der kleinen L\u00f6cher im Ball sorgt er beim Spielen durch das dann herumspritzende Wasser f\u00fcr eine willkommene Abk\u00fchlung. Ein positiver Nebeneffekt ist, dass der Hund beim Bei\u00dfen und Spielen ganz automatisch Wasser zu sich nimmt. Durchmesser: ca. 8 cm Farbe: Blau<\/p>\n","protected":false},"featured_media":32808,"comment_status":"closed","ping_status":"open","template":"","meta":[],"product_cat":[14199],"product_tag":[],"class_list":{"0":"post-53831","1":"product","2":"type-product","3":"status-publish","4":"has-post-thumbnail","6":"product_cat-aqua-spielzeug-hundespielzeug-sport-hundebaellehundewelt","8":"first","9":"instock","10":"taxable","11":"shipping-taxable","12":"purchasable","13":"product-type-simple"},"_links":{"self":[{"href":"https:\/\/all-pets.de\/shop\/wp-json\/wp\/v2\/product\/53831","targetHints":{"allow":["GET"]}}],"collection":[{"href":"https:\/\/all-pets.de\/shop\/wp-json\/wp\/v2\/product"}],"about":[{"href":"https:\/\/all-pets.de\/shop\/wp-json\/wp\/v2\/types\/product"}],"replies":[{"embeddable":true,"href":"https:\/\/all-pets.de\/shop\/wp-json\/wp\/v2\/comments?post=53831"}],"wp:featuredmedia":[{"embeddable":true,"href":"https:\/\/all-pets.de\/shop\/wp-json\/wp\/v2\/media\/32808"}],"wp:attachment":[{"href":"https:\/\/all-pets.de\/shop\/wp-json\/wp\/v2\/media?parent=53831"}],"wp:term":[{"taxonomy":"product_cat","embeddable":true,"href":"https:\/\/all-pets.de\/shop\/wp-json\/wp\/v2\/product_cat?post=53831"},{"taxonomy":"product_tag","embeddable":true,"href":"https:\/\/all-pets.de\/shop\/wp-json\/wp\/v2\/product_tag?post=53831"}],"curies":[{"name":"wp","href":"https:\/\/api.w.org\/{rel}","templated":true}]}}