{"id":53836,"date":"2023-12-12T12:47:18","date_gmt":"2023-12-12T11:47:18","guid":{"rendered":"https:\/\/pet-shopping.de\/shop\/produkt\/karlie-flamingo-auto-sicherheitsgurt-25-mm\/"},"modified":"2023-12-12T12:47:18","modified_gmt":"2023-12-12T11:47:18","slug":"karlie-flamingo-auto-sicherheitsgurt-25-mm","status":"publish","type":"product","link":"https:\/\/all-pets.de\/shop\/produkt\/karlie-flamingo-auto-sicherheitsgurt-25-mm\/","title":{"rendered":"Karlie Flamingo Auto-Sicherheitsgurt &#8211; 25 mm"},"content":{"rendered":"<p>Der Auto-Sicherheitsgurt wird per Karabinerhaken am Geschirr des Hundes befestigt und mit der anderen Seite in das Gurtschloss Ihres Autos eingesteckt.<\/p>\n<p>So ist Ihr Hund w\u00e4hrend der Autofahrt sicher fixiert und hat trotzdem ausreichend Bewegungsfreiheit und gem\u00fctlich liegen zu k\u00f6nnen.<\/p>\n<p>F\u00fcr alle g\u00e4ngigen Fahrzeugtypen (au\u00dfer Volvo, Chevrolet und Saab).<\/p>\n<p>Farbe: Schwarz<br \/> Breite: 25 mm<\/p>\n","protected":false},"excerpt":{"rendered":"<p>Der Auto-Sicherheitsgurt wird per Karabinerhaken am Geschirr des Hundes befestigt und mit der anderen Seite in das Gurtschloss Ihres Autos eingesteckt. So ist Ihr Hund w\u00e4hrend der Autofahrt sicher fixiert und hat trotzdem ausreichend Bewegungsfreiheit und gem\u00fctlich liegen zu k\u00f6nnen. F\u00fcr alle g\u00e4ngigen Fahrzeugtypen (au\u00dfer Volvo, Chevrolet und Saab). Farbe: Schwarz Breite: 25 mm<\/p>\n","protected":false},"featured_media":32845,"comment_status":"closed","ping_status":"open","template":"","meta":[],"product_cat":[13691],"product_tag":[],"class_list":{"0":"post-53836","1":"product","2":"type-product","3":"status-publish","4":"has-post-thumbnail","6":"product_cat-autozubehoer","8":"first","9":"instock","10":"taxable","11":"shipping-taxable","12":"purchasable","13":"product-type-simple"},"_links":{"self":[{"href":"https:\/\/all-pets.de\/shop\/wp-json\/wp\/v2\/product\/53836","targetHints":{"allow":["GET"]}}],"collection":[{"href":"https:\/\/all-pets.de\/shop\/wp-json\/wp\/v2\/product"}],"about":[{"href":"https:\/\/all-pets.de\/shop\/wp-json\/wp\/v2\/types\/product"}],"replies":[{"embeddable":true,"href":"https:\/\/all-pets.de\/shop\/wp-json\/wp\/v2\/comments?post=53836"}],"wp:featuredmedia":[{"embeddable":true,"href":"https:\/\/all-pets.de\/shop\/wp-json\/wp\/v2\/media\/32845"}],"wp:attachment":[{"href":"https:\/\/all-pets.de\/shop\/wp-json\/wp\/v2\/media?parent=53836"}],"wp:term":[{"taxonomy":"product_cat","embeddable":true,"href":"https:\/\/all-pets.de\/shop\/wp-json\/wp\/v2\/product_cat?post=53836"},{"taxonomy":"product_tag","embeddable":true,"href":"https:\/\/all-pets.de\/shop\/wp-json\/wp\/v2\/product_tag?post=53836"}],"curies":[{"name":"wp","href":"https:\/\/api.w.org\/{rel}","templated":true}]}}