{"id":53838,"date":"2023-12-12T12:47:18","date_gmt":"2023-12-12T11:47:18","guid":{"rendered":"https:\/\/pet-shopping.de\/shop\/produkt\/karlie-hamsterleiter-klein\/"},"modified":"2023-12-12T12:47:18","modified_gmt":"2023-12-12T11:47:18","slug":"karlie-hamsterleiter-klein","status":"publish","type":"product","link":"https:\/\/all-pets.de\/shop\/produkt\/karlie-hamsterleiter-klein\/","title":{"rendered":"Karlie Hamsterleiter &#8211; Klein"},"content":{"rendered":"<p>Flexible Hamsterleiter zum Einh\u00e4ngen in den K\u00e4fig. <br \/> Einfach in die gew\u00fcnschte Form biegen und ins K\u00e4figgitter h\u00e4ngen.<br \/> Mit geschlossenen Sprossen f\u00fcr ein sicheres Auf- und Abklettern.<\/p>\n<p>Ma\u00dfe: ca. 27 x 7 cm (L\u00e4nge x Breite)<\/p>\n","protected":false},"excerpt":{"rendered":"<p>Flexible Hamsterleiter zum Einh\u00e4ngen in den K\u00e4fig. Einfach in die gew\u00fcnschte Form biegen und ins K\u00e4figgitter h\u00e4ngen. Mit geschlossenen Sprossen f\u00fcr ein sicheres Auf- und Abklettern. Ma\u00dfe: ca. 27 x 7 cm (L\u00e4nge x Breite)<\/p>\n","protected":false},"featured_media":32857,"comment_status":"closed","ping_status":"open","template":"","meta":[],"product_cat":[14284],"product_tag":[],"class_list":{"0":"post-53838","1":"product","2":"type-product","3":"status-publish","4":"has-post-thumbnail","6":"product_cat-tunnel-hoehlen-bruecken-ausstattung-zubehoer-kleintierwelt","8":"first","9":"instock","10":"taxable","11":"shipping-taxable","12":"purchasable","13":"product-type-simple"},"_links":{"self":[{"href":"https:\/\/all-pets.de\/shop\/wp-json\/wp\/v2\/product\/53838","targetHints":{"allow":["GET"]}}],"collection":[{"href":"https:\/\/all-pets.de\/shop\/wp-json\/wp\/v2\/product"}],"about":[{"href":"https:\/\/all-pets.de\/shop\/wp-json\/wp\/v2\/types\/product"}],"replies":[{"embeddable":true,"href":"https:\/\/all-pets.de\/shop\/wp-json\/wp\/v2\/comments?post=53838"}],"wp:featuredmedia":[{"embeddable":true,"href":"https:\/\/all-pets.de\/shop\/wp-json\/wp\/v2\/media\/32857"}],"wp:attachment":[{"href":"https:\/\/all-pets.de\/shop\/wp-json\/wp\/v2\/media?parent=53838"}],"wp:term":[{"taxonomy":"product_cat","embeddable":true,"href":"https:\/\/all-pets.de\/shop\/wp-json\/wp\/v2\/product_cat?post=53838"},{"taxonomy":"product_tag","embeddable":true,"href":"https:\/\/all-pets.de\/shop\/wp-json\/wp\/v2\/product_tag?post=53838"}],"curies":[{"name":"wp","href":"https:\/\/api.w.org\/{rel}","templated":true}]}}