{"id":53849,"date":"2023-12-12T12:47:19","date_gmt":"2023-12-12T11:47:19","guid":{"rendered":"https:\/\/pet-shopping.de\/shop\/produkt\/karlie-flamingo-katzentoilette-smart-cat-aquarelle\/"},"modified":"2023-12-12T12:47:20","modified_gmt":"2023-12-12T11:47:20","slug":"karlie-flamingo-katzentoilette-smart-cat-aquarelle","status":"publish","type":"product","link":"https:\/\/all-pets.de\/shop\/produkt\/karlie-flamingo-katzentoilette-smart-cat-aquarelle\/","title":{"rendered":"Karlie Flamingo Katzentoilette Smart Cat &#8211; Aquarelle"},"content":{"rendered":"<p>Die Katzentoilette Smart Cat ist eine geschlossene Katzentoilette inmodernem Design. Dank des Dachs mit integriertem Kohlefilter und dersemitransparenten Pendelt\u00fcr bietet sie der Katze nicht nur einenungest\u00f6rten Platz, sondern h\u00e4lt auch Ger\u00fcche innerhalb der Toilette. F\u00fcr eine einfache Reinigung k\u00f6nnen Unterteil und Dach einfach und schnellgetrennt und anschlie\u00dfend mit Clips wieder aneinander befestigt werden.BPA-freier, ungiftiger Kunststoff von h\u00f6chster Qualit\u00e4t garantiert, dass Katzen und ihre Besitzer lange Freude an der sch\u00f6nen Toilette haben. <\/p>\n<p>Ma\u00dfe: ca. 52 x 39 x 41 cm (LxBxH)<br \/> Farbe: Aquarelle<\/p>\n","protected":false},"excerpt":{"rendered":"<p>Die Katzentoilette Smart Cat ist eine geschlossene Katzentoilette inmodernem Design. Dank des Dachs mit integriertem Kohlefilter und dersemitransparenten Pendelt\u00fcr bietet sie der Katze nicht nur einenungest\u00f6rten Platz, sondern h\u00e4lt auch Ger\u00fcche innerhalb der Toilette. F\u00fcr eine einfache Reinigung k\u00f6nnen Unterteil und Dach einfach und schnellgetrennt und anschlie\u00dfend mit Clips wieder aneinander befestigt werden.BPA-freier, ungiftiger Kunststoff [&hellip;]<\/p>\n","protected":false},"featured_media":53850,"comment_status":"closed","ping_status":"open","template":"","meta":[],"product_cat":[13941],"product_tag":[],"class_list":{"0":"post-53849","1":"product","2":"type-product","3":"status-publish","4":"has-post-thumbnail","6":"product_cat-katzentoiletten","8":"first","9":"instock","10":"taxable","11":"shipping-taxable","12":"purchasable","13":"product-type-simple"},"_links":{"self":[{"href":"https:\/\/all-pets.de\/shop\/wp-json\/wp\/v2\/product\/53849","targetHints":{"allow":["GET"]}}],"collection":[{"href":"https:\/\/all-pets.de\/shop\/wp-json\/wp\/v2\/product"}],"about":[{"href":"https:\/\/all-pets.de\/shop\/wp-json\/wp\/v2\/types\/product"}],"replies":[{"embeddable":true,"href":"https:\/\/all-pets.de\/shop\/wp-json\/wp\/v2\/comments?post=53849"}],"wp:featuredmedia":[{"embeddable":true,"href":"https:\/\/all-pets.de\/shop\/wp-json\/wp\/v2\/media\/53850"}],"wp:attachment":[{"href":"https:\/\/all-pets.de\/shop\/wp-json\/wp\/v2\/media?parent=53849"}],"wp:term":[{"taxonomy":"product_cat","embeddable":true,"href":"https:\/\/all-pets.de\/shop\/wp-json\/wp\/v2\/product_cat?post=53849"},{"taxonomy":"product_tag","embeddable":true,"href":"https:\/\/all-pets.de\/shop\/wp-json\/wp\/v2\/product_tag?post=53849"}],"curies":[{"name":"wp","href":"https:\/\/api.w.org\/{rel}","templated":true}]}}